{"id":414,"date":"2024-03-04T10:23:30","date_gmt":"2024-03-04T09:23:30","guid":{"rendered":"https:\/\/terms.integralife.eu\/?page_id=414"},"modified":"2024-03-04T10:23:32","modified_gmt":"2024-03-04T09:23:32","slug":"2022-07-11","status":"publish","type":"page","link":"https:\/\/terms.integralife.eu\/it-it\/2022-07-11\/","title":{"rendered":"2022-07-11"},"content":{"rendered":"\n<h2 class=\"wp-block-heading\">Condizioni generali di vendita<\/h2>\n\n\n\n<p><strong>1. Varie e generali <\/strong><\/p>\n\n\n\n<p>1.1&nbsp;&nbsp;&nbsp; Ai sensi delle presenti Condizioni:<\/p>\n\n\n\n<p><strong>\u00a0\u00a0\u00a0\u00a0\u00a0\u00a0\u00a0\u00a0 <\/strong>Con i termini<strong> <\/strong>&#8220;la Societ\u00e0&#8221; o &#8220;noi&#8221; deve intendersi Integra LifeSciences Italy s.r.l. <\/p>\n\n\n\n<p><strong>\u00a0\u00a0\u00a0\u00a0\u00a0\u00a0\u00a0\u00a0 <\/strong>Con i termini<strong> <\/strong>&#8220;Acquirente&#8221; o &#8220;lei&#8221; deve intendersi la persona che ha emesso l\u2019ordine da noi accettato;<\/p>\n\n\n\n<p><strong>\u00a0\u00a0\u00a0\u00a0\u00a0\u00a0\u00a0\u00a0 <\/strong>Con il termine<strong> <\/strong>&#8220;Beni&#8221; devono intendersi i beni che noi abbiamo acconsentito di vendere e che lei hai acconsentito di acquistare conformemente agli ordini.<\/p>\n\n\n\n<p>1.2&nbsp;&nbsp;&nbsp; Tutti i preventivi verranno &nbsp;da noi predisposti. Gli ordini verranno da noi accettati solo se risulteranno soddisfatte le presenti Condizioni. In caso di discrepanza tra le presenti Condizioni e i termini della sua richiesta o ordine,  prevarranno le presenti Condizioni. Nessuna modifica alle presenti Condizioni potr\u00e0 ritenersi vincolante salvo che da noi accettata per iscritto. <\/p>\n\n\n\n<p>1.3&nbsp;&nbsp;&nbsp; Le conferme scritte degli ordini telefonici da lei emessi dovranno essere identificate in modo chiaro in quanto, in caso contrario, lei sar\u00e0 responsabile di qualsiasi duplicazione degli ordini. <\/p>\n\n\n\n<p>1.4&nbsp;&nbsp;&nbsp; I dipendenti della Societ\u00e0 non sono autorizzati a fornire alcuna dichiarazione in merito ai Beni salvo conferma scritta da parte della Societ\u00e0 e noi non saremo responsabili di alcuna dichiarazione se non prevista interamente nel suo ordine al momento della accettazione dell\u2019ordine da parte della Societ\u00e0.<\/p>\n\n\n\n<p>1.5&nbsp;&nbsp;&nbsp; Qualsiasi errore tipografico, di\ntrascrizione o altro errore od omissione presente in qualsiasi documento di\nvendita o preventivo, accettazione di offerta, fattura o altro documento o\ninformazione da noi emessi potr\u00e0 essere da noi corretto senza incorrere in\nalcuna nostra responsabilit\u00e0.<\/p>\n\n\n\n<p>2.<strong>&nbsp;&nbsp;&nbsp;&nbsp;&nbsp; Ordini<\/strong>&nbsp;&nbsp;&nbsp; <\/p>\n\n\n\n<p>2.1&nbsp;&nbsp;&nbsp; La quantit\u00e0, la qualit\u00e0, i lavori di installazione, gli accessori e la descrizione di e qualsiasi specifica dei Beni saranno quelli previsti nel nostro preventivo (se da lei accettato). <\/p>\n\n\n\n<p>2.2&nbsp;&nbsp;&nbsp; Tutti i preventivi da noi emessi saranno validi solo per un periodo di 30 giorni dalla data del preventivo. Tutti i preventivi vengono da noi emessi e tutti gli ordini vengono da noi accettati in caso di disponibilit\u00e0 dei Beni. <\/p>\n\n\n\n<p>2.3&nbsp;&nbsp;&nbsp; Abbiamo una politica di ordine minimo, il quale deve essere da noi confermato nel momento in cui viene effettuato un ordine.<\/p>\n\n\n\n<p>2.4&nbsp;&nbsp;&nbsp; Ci riserviamo il diritto di apportare qualsiasi cambiamento alla specifica dei Beni qualora necessario per conformarsi ai requisiti di legge o della Comunit\u00e0 Europea o non incida materialmente sulla loro qualit\u00e0 o performance. <\/p>\n\n\n\n<p>2.5&nbsp;&nbsp;&nbsp; Nessun ordine che sia stato da noi accettato potr\u00e0 essere cancellato o modificato da lei salvo nostro consenso scritto e a condizione che lei ci rimborsi integralmente per tutte le perdite (compresa la perdita di profitto), costi (compreso il costo della manodopera e i materiali usati), danni, oneri e spese da noi sostenuti derivanti dalla cancellazione o modifica. <\/p>\n\n\n\n<p>2.6&nbsp;&nbsp;&nbsp; se:<\/p>\n\n\n\n<p>&nbsp;&nbsp;&nbsp;&nbsp;&nbsp;&nbsp;&nbsp;&nbsp; 2.6.1 lei addiviene ad un concordato con i suoi creditori o (quale persona fisica o societ\u00e0) fallisce o (quale societ\u00e0) verr\u00e0 sottoposto ad una procedura di amministrazione controllata o a liquidazione o; <\/p>\n\n\n\n<p>&nbsp;&nbsp;&nbsp;&nbsp;&nbsp;&nbsp;&nbsp;&nbsp; 2.6.2 verr\u00e0 nominato un curatore, per qualunque delle sue propriet\u00e0 o beni; o<\/p>\n\n\n\n<p>&nbsp;&nbsp;&nbsp;&nbsp;&nbsp;&nbsp;&nbsp;&nbsp; 2.6.3 lei cessa, rischia di cessare il suo business; e <\/p>\n\n\n\n<p>&nbsp;&nbsp;&nbsp;&nbsp;&nbsp;&nbsp;&nbsp;&nbsp; 2.6.4 se dovessimo ragionevolmente credere che qualcuno di tali eventi stia per realizzarsi, senza pregiudizio per alcuno per gli altri rimedi o diritti da noi esercitabili, avremo diritto alla cancellazione di qualunque ordine da lei emesso o di sospendere qualsiasi ulteriore consegna a lei indirizzata senza incorrere in alcuna nostra responsabilit\u00e0 e qualora i Beni le siano stati consegnati ma non sia stato pagato il prezzo questo diventer\u00e0 immediatamente esigibile e pagabile nonostante qualsiasi accordo o intesa contrari.<\/p>\n\n\n\n<p>2.7&nbsp;&nbsp;&nbsp; Se lei non adempir\u00e0 alle sue obbligazioni di fornire le informazioni tecniche necessarie e se non provveder\u00e0 a porre fine al suo inadempimento entro 14 giorni dal nostro preavviso relativo a tale inadempimento, saremo autorizzati a sospendere o cancellare qualsiasi ordine con noi in essere.<\/p>\n\n\n\n<p>3.<strong>&nbsp;&nbsp;&nbsp;&nbsp;&nbsp; Prezzi<\/strong><\/p>\n\n\n\n<p>3.1&nbsp;&nbsp;&nbsp; Il Prezzo dei Beni sar\u00e0 il\nnostro Prezzo quotato e sar\u00e0 franco fabbrica salvo che diversamente concordato.\n<\/p>\n\n\n\n<p>3.2&nbsp;&nbsp;&nbsp; Ci riserviamo il diritto, previo preavviso da comunicarle in qualsiasi momento prima della consegna, di aumentare il prezzo dei Beni, conformemente a qualsiasi incremento dei nostri costi dovuto a fattori al di fuori del nostro controllo (quali, a titolo esemplificativo, oscillazioni del tasso di cambio, valuta o regolamentazione, modifica di oneri) o a qualunque cambiamento circa le date di consegna, quantit\u00e0 o specifiche dei Beni da lei richiesti e da noi accettati o a qualunque ritardo da parte sua nella accettazione della consegna.<\/p>\n\n\n\n<p>3.3&nbsp;&nbsp;&nbsp; Tutti i prezzi offerti escludono\nl\u2019imposta sul valore aggiunto o qualunque altra imposta sulle vendite aggiuntiva,\nche lei potrebbe essere tenuto a pagarci.<\/p>\n\n\n\n<p>3.4&nbsp;&nbsp;&nbsp; Per i contratti che includono un lavoro di installazione ci riserviamo il diritto di addebitarle il tempo di attesa per eseguire tali lavori di installazione che sia dovuto ad eventi al di fuori del nostro controllo. <\/p>\n\n\n\n<p>4.<strong>&nbsp;&nbsp;&nbsp;&nbsp;&nbsp; Pagamento<\/strong><\/p>\n\n\n\n<p>4.1&nbsp;&nbsp;&nbsp; Il\nPagamento del prezzo \u00e9 dovuto a 30 giorni dalla data di fatturazione o secondo\nquanto altrimenti concordato per iscritto. Noi abbiamo diritto al recupero del prezzo,\nnonostante la consegna non abbia avuto luogo e la propriet\u00e0 del bene non le sia\nstata trasferita. Il termine del pagamento del Prezzo deve ritenersi essenziale\nnell\u2019ambito del contratto tra di noi esistente. <\/p>\n\n\n\n<p>4.2&nbsp;&nbsp;&nbsp; Se lei non provvede al pagamento entro la data prevista, senza pregiudizio alcuno per altri diritti o rimedi da noi esperibili &nbsp;potremmo: <\/p>\n\n\n\n<p>&nbsp;&nbsp;&nbsp;&nbsp;&nbsp;&nbsp;&nbsp;&nbsp; 4.2.1 recedere e addebitarle qualsiasi sconto concordato;<\/p>\n\n\n\n<p>&nbsp;&nbsp;&nbsp;&nbsp;&nbsp;&nbsp;&nbsp;&nbsp; 4.2.2 chiederle il pagamento immediato di tutte le fatture a quella data in sospeso <\/p>\n\n\n\n<p>&nbsp;&nbsp;&nbsp;&nbsp;&nbsp;&nbsp;&nbsp;&nbsp; 4.2.3 cancellare l\u2019ordine o sospendere qualunque ulteriore consegna a lei indirizzata;<\/p>\n\n\n\n<p>&nbsp;&nbsp;&nbsp;&nbsp;&nbsp;&nbsp;&nbsp;&nbsp; 4.2.4 trattenere qualunque pagamento da lei erogato per tali Beni (o per i Beni forniti nell\u2019ambito di un altro ordine) secondo quanto da noi ritenuto opportuno; e <\/p>\n\n\n\n<p>&nbsp;&nbsp;&nbsp;&nbsp;&nbsp;&nbsp;&nbsp;&nbsp; 4.2.5 addebitarle gli interessi\ndi mora (prima e dopo la sentenza) sull\u2019ammontare non pagato, al tasso corrente\nBCE maggiorato dell\u20198% a nostra discrezione, fino a che il pagamento del totale\nverr\u00e0 effettuato (ai fini del calcolo degli interessi una parte del mese viene considerata\ncome un mese pieno) e chiederle il pagamento di un ammontare fisso di euro 40 quale compenso per i costi di recupero.<\/p>\n\n\n\n<p>4.3&nbsp;&nbsp;&nbsp; Qualunque campione da noi sottopostole e non restituitoci entro 30 giorni dalla data della ricezione dovr\u00e0 essere da lei immediatamente pagato ai nostri prezzi applicabili al termine di tale periodo di 30 giorni, salvo che le sia stato fornito sulla base di specifici termini di vendita e di restituzione previamente definiti. &nbsp;<\/p>\n\n\n\n<p>5.<strong>&nbsp;&nbsp;&nbsp;&nbsp;&nbsp; Consegna<\/strong><\/p>\n\n\n\n<p>5.1&nbsp;&nbsp;&nbsp; Qualunque data stimata per la consegna dei Beni \u00e9 solo approssimativa e noi non saremo responsabili in caso di eventuali ritardi nella consegna dei Beni dovuti a qualsiasi ragione. La data della consegna non costituisce termine essenziale del contratto tra di noi stipulato. Noi potremo consegnare i Beni in anticipo rispetto alla data di consegna stimata previo ragionevole preavviso.<\/p>\n\n\n\n<p>5.2&nbsp;&nbsp;&nbsp; Laddove i beni verranno consegnati\nin piu\u2019 <em>tranche<\/em>, ciascuna consegna costituir\u00e0 un contratto separato e la\nnostra mancata consegna di una o piu\u2019 <em>tranche<\/em> o il suo reclamo con\nriguardo a una o piu\u2019 <em>tranche<\/em> non le dar\u00e0 titolo di considerare il resto\ndell\u2019ordine o altri ordini come rifiutati. &nbsp;<\/p>\n\n\n\n<p>5.3&nbsp;&nbsp;&nbsp; Nel caso in cui non dovessimo consegnare i Beni (o alcune <em>tranche<\/em>) per ragioni diverse da quelle estranee al nostro controllo o imputabili alla sua colpa, la nostra responsabilit\u00e0 sar\u00e0 limitata alla eccedenza del costo in cui lei dovesse eventualmente incorrere (se esistente) rispetto al prezzo dei Beni, per beni simili (nell\u2019ambito del mercato maggiormente economico) volti a sostituire quelli non consegnati.<\/p>\n\n\n\n<p>5.4&nbsp;&nbsp;&nbsp; Se il prezzo dovesse includere anche la consegna ci riserviamo di consegnare con qualsiasi mezzo.&nbsp; Si applicano le condizioni di trasporto del vettore.&nbsp; Salvo che non diversamente previsto non saremo responsabili in caso di scarico.<\/p>\n\n\n\n<p>5.5&nbsp;&nbsp;&nbsp; Se lei non dovesse prendere in consegna i Beni o non ci dovesse fornire adeguate istruzioni per la consegna al momento previsto per la stessa, senza pregiudizio alcuno per altri diritti o rimedi da noi esercitabili, potremo conservare i Beni fino alla consegna effettiva e addebitarle i ragionevoli costi legati alla conservazione dei Beni (inclusi i costi di assicurazione).<\/p>\n\n\n\n<p>6.<strong>&nbsp;&nbsp;&nbsp;&nbsp;&nbsp; Rischio\ne Propriet\u00e0 <\/strong><\/p>\n\n\n\n<p>6.1&nbsp;&nbsp;&nbsp; Il rischio di danneggiamento o di perdita dei Beni passer\u00e0 in capo a lei al momento della consegna o, se lei indebitamente non provveder\u00e0 a prendere in carico la consegna dei Beni, nel momento in cui effettueremo la consegna dei Beni.<\/p>\n\n\n\n<p>6.2&nbsp;&nbsp;&nbsp; Nonostante la avvenuta consegna e il passaggio del rischio dei Beni, o qualunque altra previsione delle presenti Condizioni, la propriet\u00e0 dei Beni non passer\u00e0 a lei prima del ricevimento da parte nostra del pagamento del prezzo totale dei Beni e di tutti gli altri beni di cui si \u00e8 concordata la vendita e per i quali, in quel momento, sar\u00e0 dovuto il pagamento.<\/p>\n\n\n\n<p>6.3&nbsp;&nbsp;&nbsp; Fino a che la propriet\u00e0 dei Beni le verr\u00e0 trasferita, lei dovr\u00e0 conservare i Beni come nostro agente e depositario, e dovr\u00e0 conservare i Beni separatamente dagli altri beni in suo possesso debitamente custoditi, protetti e assicurati e identificati come di nostra propriet\u00e0. Tuttavia, lei avr\u00e0 diritto a rivendere i Beni nell\u2019ambito della sua ordinaria attivit\u00e0 economica. <\/p>\n\n\n\n<p>6.4&nbsp;&nbsp;&nbsp; Fino a che la propriet\u00e0 dei Beni le verr\u00e0 trasferita (e posto che i Beni non siano stati rivenduti), noi potremo chiederle in qualsiasi momento di consegnarci i Beni e se non provveder\u00e0 a farlo tempestivamente,  potremo accedere ai vostri locali in cui avremo ragionevole motivo di credere che i Beni siano conservati e riprendere possesso dei Beni da noi forniti o di altri prodotti dei quali i Beni siano in caso divenuti parte. <\/p>\n\n\n\n<p>6.5&nbsp;&nbsp;&nbsp; Non \u00e9 possibile impegnare o in alcun modo concedere a titolo di garanzia di qualunque debito qualsiasi Bene che rimanga di nostra propriet\u00e0 e nell\u2019eventualit\u00e0 in cui lei proceda in tal senso tutte le somme da lei a noi dovute saranno (senza alcun pregiudizio alcuno per altri altri rimedi esperibili) immediatamente esigibili e pagabili.<\/p>\n\n\n\n<p>7.&nbsp;&nbsp;&nbsp;&nbsp;&nbsp; <strong>Restituzioni &amp; Confezionamento\n<\/strong><\/p>\n\n\n\n<p>7.1&nbsp;&nbsp;&nbsp;I  Beni devono essere restituiti solo previa nostra autorizzazione e solo nel rispetto dell&#8217;autorizzazione alla restituzione del materiale (RMA) della Societ\u00e0. Non verr\u00e0 emessa alcuna nota di credito per i Beni restituiti senza RMA. I Beni restituiti dovranno essere consegnati trasporto pagato e accompagnati da una nota di imballaggio indicante il nostro numero di bolla di consegna. Le restituzioni effettuate entro 30 giorni dalla data di spedizione non comportano alcuna commissione di rifornimento. Dopo 30 giorni verr\u00e0 applicata una commissione di rifornimento del 10%. Non si accettano resi oltre 90 giorni dalla data di spedizione. <\/p>\n\n\n\n<p>7.2&nbsp;&nbsp;&nbsp; Affinch\u00e9 venga emessa una nota di credito, i Beni dovranno essere restituiti inutilizzati, in condizioni di vendita e cartoni originali, non aperti e non danneggiati ed imballati in modo da evitare danni. I Beni deteriorati a causa di una gestione impropria dovuta a sigilli rotti\/rimossi\/manomessi, condizioni di conservazione che non possono essere convalidate, aperti o parzialmente utilizzati non sono restituibili.<\/p>\n\n\n\n<p>7.3&nbsp;&nbsp;&nbsp; I prodotti a temperatura controllata, a base di pelle e tessuti umani e i Beni scaduti non sono restituibili.<\/p>\n\n\n\n<p>7.4&nbsp;&nbsp;&nbsp;I prodotti personalizzati su ordinazione, incisi e a marchio privato non sono restituibili.&nbsp;&nbsp;<\/p>\n\n\n\n<p>7.5 I prodotti da banco o venduti tramite un distributore autorizzato non sono direttamente restituibili alla Societ\u00e0.&nbsp; In tal caso, si prega di contattare il proprio fornitore e di consultare la sua politica di restituzione dei beni.<\/p>\n\n\n\n<p>7.6  \u00c8 inoltre essenziale che lei informi la Societ\u00e0 e i vettori in caso di danni o perdite entro tre giorni dal ricevimento dei Beni o dal sospetto che i Beni possano essere stati persi durante il trasporto. In caso contrario non le varr\u00e0 riconosciuta alcuna rivendicazione.<\/p>\n\n\n\n<p>8.&nbsp;&nbsp;&nbsp; <strong>&nbsp; Disegni, etc.<\/strong><\/p>\n\n\n\n<p>8.1&nbsp;&nbsp;&nbsp; Tutte\nle specifiche, disegni e particolari pesi e dimensioni sottoposti da noi con i preventivi\nsono indicativi e le descrizioni e illustrazioni contenute nei nostri cataloghi,\nlistini prezzi e materiale pubblicitario hanno il solo scopo di fornire una\nidea generale dei beni ivi decritti e nessuna delle informazioni succitate far\u00e0\nparte del Contratto tra di noi esistente. &nbsp;&nbsp;&nbsp;<\/p>\n\n\n\n<p>8.2&nbsp;&nbsp;&nbsp; Tutte le specifiche\ne i disegni dai noi sottoposti resteranno di nostra propriet\u00e0 a dovranno esserci\nimmediatamente restituiti a nostra richiesta.&nbsp;\nEssi vengono forniti a condizione che non vengano copiati o divulgati ad\nalcuna terza parte senza il nostro previo consenso scritto e non verranno usati\nin alcuno modo che possa ledere i nostri interessi. <\/p>\n\n\n\n<p>8.3&nbsp;&nbsp;&nbsp;  Se dovessimo lavorare &nbsp;sui suoi &nbsp;progetti, disegni o specifiche, lei ci terr\u00e0 indenni,  a titolo meramente esemplificativo, da danni, perdite di profitti, costi, spese, sanzioni, perdite dirette e indirette e qualsiasi altro reclamo, in ogni forma presentato contro di noi per violazione, presunta violazione di diritti di terze parti inclusi, a titolo meramente esemplificativo, diritti di copyright, brevetto o relativi al design.&nbsp; Noi non garantiamo in alcun modo che i Beni non infrangano tali diritti di terze parti.<\/p>\n\n\n\n<p>9.&nbsp;&nbsp;&nbsp; <strong>&nbsp; Ispezioni e Prove  <\/strong>         <\/p>\n\n\n\n<p>9.1&nbsp; \n I Beni sono attentamente ispezionati e\nladdove previsto dal processo produttivo vengono sottoposti a dei test standard\nnei nostri stabilimenti previa spedizione franco fabbrica.<\/p>\n\n\n\n<p>9.2&nbsp;&nbsp;&nbsp; Qualora si rendano necessari altri test rispetto a quelli specificati nel nostro preventivo oppure si rendano necessari test da svolgersi alla sua presenza o alla presenza di un nostro rappresentante nel nostro stabilimento o in loco, i costi diretti di tali attivit\u00e0 aggiuntive potrebbero venirle addebitati oltre al costo come da contratto. <\/p>\n\n\n\n<p>9.3&nbsp;&nbsp;&nbsp; Nel caso in cui vi sia un ritardo da parte sua nel presenziare a tali test di cui all\u2019art 9.2, il test proceder\u00e0 in sua assenza decorsi sette giorni di preavviso da parte nostra. Lei sar\u00e0 vincolato ai risultati di tali test. <\/p>\n\n\n\n<p>10<strong>.&nbsp;&nbsp;&nbsp; Accesso\nal sito &nbsp;&nbsp;&nbsp;&nbsp;&nbsp;&nbsp;&nbsp;&nbsp;&nbsp;&nbsp;&nbsp;&nbsp;&nbsp;&nbsp;&nbsp;&nbsp;&nbsp;&nbsp;&nbsp;&nbsp;&nbsp;&nbsp;&nbsp;&nbsp;&nbsp;&nbsp;&nbsp;&nbsp;&nbsp;&nbsp;&nbsp;&nbsp;&nbsp;&nbsp;&nbsp;&nbsp;&nbsp;&nbsp;&nbsp; <\/strong><\/p>\n\n\n\n<p>10.1&nbsp; Nel caso in cui lei richieda una riparazione da effettuarsi presso la sua sede o presso la sede di terze parti lei dovr\u00e0 fornire pieno accesso a tale sede con ragionevole preavviso ed entro un ragionevole orario lavorativo e noi non avremo alcuna responsabilit\u00e0 nei suoi confronti se tale accesso non ci verr\u00e0 consentito. <\/p>\n\n\n\n<p>10.2&nbsp; In caso di contratto che includa l\u2019installazione lei dovr\u00e0 tenere indenni noi, i nostri dipendenti e rappresentanti da qualunque perdita o danno a persone o beni, sofferti da qualcuno di essi presso la sua sede o la sede di una terza parte che siano derivanti da qualsiasi atto o inadempienza sua, dei suoi dipendenti, agenti, sub-contraenti.<\/p>\n\n\n\n<p>11.<strong>\u00a0\u00a0\u00a0 Garanzie e responsabilit\u00e0 <\/strong><\/p>\n\n\n\n<p>11.1\u00a0 Tutte le garanzie, condizioni o termini previsti dalla legge applicabile al contratto, derivanti o legati alla fornitura dei Beni o al loro uso o rivendita sono escluse nei limiti piu\u2019 ampi consentiti dalla legge. I nostri prezzi sono determinati sulla base dei limiti di responsabilit\u00e0 previsti in queste condizioni. <\/p>\n\n\n\n<p>11.2\u00a0 Tutti i Beni verranno ispezionati al momento della consegna e ciascun reclamo da parte sua relativo a difetti di qualit\u00e0 o condizioni dei Beni o alla loro non rispondenza alle specifiche dovr\u00e0 essere notificato al momento della consegna. Se lei non provveder\u00e0 a tale notifica non avr\u00e0 diritto di rifiutare i Beni e noi non avremo alcuna responsabilit\u00e0 relativamente a tale difetto o mancanza e lei sar\u00e0 vincolato al pagamento del prezzo come se i Beni fossero stati consegnati secondo quanto previsto dal contratto. <\/p>\n\n\n\n<p>11.3\u00a0 Laddove un reclamo relativo ai Beni basato su un difetto di qualit\u00e0 o condizione dei Beni o sul mancato rispetto delle specifiche venga notificato entro 12 mesi dalla consegna o installazione dei Beni secondo le presenti Condizioni, potremo a nostra discrezione sostitutire gratuitamente i Beni (o la parte di essi in questione) oppure rimborsarle il prezzo dei Beni (o una parte proporzionale del prezzo) non incorrendo in alcuna altra responsabilit\u00e0 nei suoi confronti. Potremo a nostra completa discrezione estendere il periodo di garanzia secondo quanto pattuito per iscritto.<\/p>\n\n\n\n<p>11.4\u00a0  Fatta eccezione per la morte o lesioni personali causate dalla negligenza della Societ\u00e0 dei suoi dipendenti o agenti, noi non saremo in alcun modo responsabili nei suoi confronti in merito ad alcuna dichiarazione (salvo che fraudolenta), o garanzia implicita, condizione o altro termine o obbligo di cui al presente contratto, per qualunque danno o perdita indiretti, speciali o consequeziali, perdita di profitto, costo, spese o altre richieste di risarcimento (causati da negligenza della Societ\u00e0 dei suoi dipendenti, agenti o altro) che potranno sorgere in relazione alla fornitura dei Beni o al loro uso o rivendita da parte sua. La nostra responsabilit\u00e0 connessa al contratto non ecceder\u00e0 il prezzo dei Beni. <\/p>\n\n\n\n<p>11.5\u00a0 Noi non saremo responsabili nei suoi confronti o non potremo essere ritenuti inadempienti rispetto alle obbligazioni contrattuali in caso di ritardo nell\u2019adempimento o di mancato adempimento delle nostre obbligazioni con riferimento ai Beni se il ritardo o l\u2019inadempimento saranno dovuti a cause che esulano dal nostro controllo. <\/p>\n\n\n\n<p>12&nbsp;&nbsp;&nbsp;&nbsp; <strong>Legge applicabile<\/strong><\/p>\n\n\n\n<p>12.1&nbsp; Le leggi italiane disciplinano il contratto tra le parti e lei accetta di sottoporre lo stesso alla giurisdizione esclusiva Italiana. <\/p>\n\n\n\n<p>13.<strong>&nbsp;&nbsp;&nbsp; Consumatore <\/strong><\/p>\n\n\n\n<p>13.1&nbsp; Se i Beni verranno venduti nell\u2019ambito di una transazione con il consumatore come definito dal Codice del Consumo (D.lgs n. 26\/2005) i diritti del consumatore non sono pregiudicati da i presenti termini.<\/p>\n\n\n\n<p>14. &nbsp;&nbsp;<strong>Decreto Legislativo 231\/2001<\/strong>\n<\/p>\n\n\n\n<p>14.1 Lei si impegna ad osservare e a rispettare le disposizioni del D.lgs. 231\/2001\ne ad adeguare i suoi comportamenti all\u2019osservanza dello stesso, nonch\u00e9 del Codice\nEtico e del Modello Organizzativo adottato dalla Societ\u00e0 disponibile sul sitoweb\ndi Integra LifeSciences Italy s.r.l. <\/p>\n\n\n\n<p>15.&nbsp;&nbsp;&nbsp; <strong>Rinuncia\n<\/strong><\/p>\n\n\n\n<p>15.1. Nessuna rinuncia da parte nostra rispetto ad una qualsiasi sua violazione delle disposizioni contrattuali, dovr\u00e0 ritenersi una rinuncia rispetto a una qualsiasi successiva violazione di tale disposizione o  di qualsiasi altra disposizione.<\/p>\n\n\n\n<p>16.&nbsp; <strong>Accettazione<\/strong> <\/p>\n\n\n\n<p>L&#8217;emissione di un ordine da parte dell\u2019Acquirente implica automaticamente anche la accettazione incondizionata da parte&nbsp;dell\u2019Acquirente delle presenti Condizioni. <\/p>\n\n\n\n<p><\/p>\n","protected":false},"excerpt":{"rendered":"<p>Content to be replaced<\/p>\n","protected":false},"author":3,"featured_media":0,"parent":0,"menu_order":0,"comment_status":"closed","ping_status":"closed","template":"","meta":{"footnotes":""},"class_list":["post-414","page","type-page","status-publish","hentry"],"_links":{"self":[{"href":"https:\/\/terms.integralife.eu\/it-it\/wp-json\/wp\/v2\/pages\/414","targetHints":{"allow":["GET"]}}],"collection":[{"href":"https:\/\/terms.integralife.eu\/it-it\/wp-json\/wp\/v2\/pages"}],"about":[{"href":"https:\/\/terms.integralife.eu\/it-it\/wp-json\/wp\/v2\/types\/page"}],"author":[{"embeddable":true,"href":"https:\/\/terms.integralife.eu\/it-it\/wp-json\/wp\/v2\/users\/3"}],"replies":[{"embeddable":true,"href":"https:\/\/terms.integralife.eu\/it-it\/wp-json\/wp\/v2\/comments?post=414"}],"version-history":[{"count":4,"href":"https:\/\/terms.integralife.eu\/it-it\/wp-json\/wp\/v2\/pages\/414\/revisions"}],"predecessor-version":[{"id":419,"href":"https:\/\/terms.integralife.eu\/it-it\/wp-json\/wp\/v2\/pages\/414\/revisions\/419"}],"wp:attachment":[{"href":"https:\/\/terms.integralife.eu\/it-it\/wp-json\/wp\/v2\/media?parent=414"}],"curies":[{"name":"wp","href":"https:\/\/api.w.org\/{rel}","templated":true}]}}