{"id":385,"date":"2022-07-25T15:46:45","date_gmt":"2022-07-25T13:46:45","guid":{"rendered":"https:\/\/terms.integralife.eu\/?page_id=385"},"modified":"2022-08-02T10:03:35","modified_gmt":"2022-08-02T08:03:35","slug":"2022-07-25","status":"publish","type":"page","link":"https:\/\/terms.integralife.eu\/fr-be\/2022-07-25\/","title":{"rendered":"2022-07-25"},"content":{"rendered":"\n<h2 class=\"wp-block-heading\"> INTEGRA LS (Benelux) NV <\/h2>\n\n\n\n<h3 class=\"wp-block-heading\">Conditions G\u00e9n\u00e9rales de Vente<\/h3>\n\n\n\n<p>1 &#8211; Application des\nconditions g\u00e9n\u00e9rales de vente &#8211; Opposabilit\u00e9 des conditions g\u00e9n\u00e9rales de vente&nbsp;&#8211; Les pr\u00e9sentes conditions\ng\u00e9n\u00e9rales de vente (les \u00abC.G.V.\u00bb)&nbsp;d\u00e9finissent les conditions dans lesquelles la\nsoci\u00e9t\u00e9 INTEGRA LS (Benelux) NV\n(\u00abINTEGRA\u00bb)&nbsp;vend \u00e0 chaque acqu\u00e9reur (l\u2019\n\u00abAcqu\u00e9reur\u00bb) tout produit propos\u00e9 \u00e0 la vente par INTEGRA&nbsp;(un \u00abProduit\u00bb) command\u00e9 par\nl\u2019Acqu\u00e9reur. Le fait de passer commande \u00e0 INTEGRA&nbsp;implique l\u2019adh\u00e9sion enti\u00e8re et sans r\u00e9serve de\nl\u2019Acqu\u00e9reur aux pr\u00e9sentes C.G.V. dont l\u2019Acqu\u00e9reur reconna\u00eet avoir eu\ncommunication et avoir pris connaissance pr\u00e9alablement \u00e0 sa commande, tout\nautre document \u00e9mis par INTEGRA n&rsquo;ayant\nqu&rsquo;une&nbsp;valeur indicative. Aucune\ncondition particuli\u00e8re&nbsp;pos\u00e9e par l&rsquo;Acqu\u00e9reur&nbsp;ne peut, sauf acceptation formelle et \u00e9crite d&rsquo;INTEGRA, pr\u00e9valoir sur les C.G.V. Toute condition contraire pos\u00e9e par\nl\u2019Acqu\u00e9reur sera donc, \u00e0 d\u00e9faut d\u2019acceptation expresse, inopposable \u00e0 INTEGRA, quel que soit le moment o\u00f9 elle aura \u00e9t\u00e9 port\u00e9e \u00e0 sa connaissance.<\/p>\n\n\n\n<p>2 &#8211; Prise de commande&nbsp;&#8211; Compte tenu de la sp\u00e9cificit\u00e9 m\u00e9dicale des Produits, toute commande doit \u00eatre transmise \u00e0 INTEGRA par \u00e9crit (courrier, courrier \u00e9lectronique ou t\u00e9l\u00e9copie) et comporter toutes les informations n\u00e9cessaires au traitement de la commande et \u00e0 la facturation. <br>En cas de commande pass\u00e9e par l&rsquo;Acqu\u00e9reur par t\u00e9l\u00e9phone, l&rsquo;Acqu\u00e9reur sera pr\u00e9sum\u00e9 avoir command\u00e9 les Produits re\u00e7us. INTEGRA d\u00e9cline toute responsabilit\u00e9 pour la non ex\u00e9cution ou la mauvaise interpr\u00e9tation des commandes qui seraient pass\u00e9es par t\u00e9l\u00e9phone par l\u2019Acqu\u00e9reur. Chaque contrat de vente, constitu\u00e9 des C.G.V. et de la commande correspondante (ci-apr\u00e8s un \u00ab Contrat \u00bb), est form\u00e9 par l\u2019acceptation \u00e9crite par INTEGRA de la commande. En cas de livraison des Produits sans confirmation de commande par INTEGRA, la facture correspondant aux produits livr\u00e9s vaut confirmation de la commande.<\/p>\n\n\n\n<p>3 &#8211; Livraison&nbsp;&#8211; Sauf conditions contraires mentionn\u00e9es sur la facture, les Produits sont livr\u00e9s \u00e0 l\u2019Acqu\u00e9reur \u00ab Franco-transporteur\u00bb FCA locaux du vendeur (Incoterms 2010) except\u00e9 pour les livraisons en urgence. Le transfert de propri\u00e9t\u00e9 des Produits se fait au moment de leur remise au transporteur, toutefois INTEGRA supportera le risque de perte pendant le transport. Une livraison en urgence se d\u00e9finit comme un d\u00e9lai de livraison inferieur au d\u00e9lai de livraison usuel pratiqu\u00e9 par INTEGRA. Les d\u00e9lais de livraison indiqu\u00e9s par INTEGRA \u00e0 l\u2019Acqu\u00e9reur sont indicatifs. La responsabilit\u00e9 d&rsquo;INTEGRA ne saurait \u00eatre engag\u00e9e en cas de d\u00e9passement des d\u00e9lais indiqu\u00e9s. INTEGRA se r\u00e9serve le droit d\u2019effectuer des livraisons partielles. L&rsquo;Acqu\u00e9reur est consid\u00e9r\u00e9 avoir accept\u00e9 un envoi si (i) il n\u2019impose pas une restriction par \u00e9crit sur la lettre de transport a\u00e9rien (LTA), lettre de consignation, feuille de transport ou connaissement, en cas de dommages apparents constat\u00e9s \u00e0 la r\u00e9ception des Produits; ou (ii) si apr\u00e8s r\u00e9ception de la facture ou liste de colisage, INTEGRA n\u2019est pas avis\u00e9e sous huitaine et par \u00e9crit, de la livraison incompl\u00e8te, du d\u00e9faut de livraison ou l\u2019erreur de livraison. La date de livraison est celle indiqu\u00e9e sur la LTA, lettre de consignation ou de connaissement. L&rsquo;Acqu\u00e9reur s\u2019engage \u00e0 rendre accessible l\u2019emplacement de livraison et \u00e0 collaborer pour que cette livraison se d\u00e9roule dans les meilleures conditions. La non observation de l\u2019obligation ci-dessus rendrait l&rsquo;Acqu\u00e9reur directement et de plein droit responsable des r\u00e9clamations formul\u00e9es par le transporteur aupr\u00e8s d&rsquo;INTEGRA. Dans le cas o\u00f9 l&rsquo;Acqu\u00e9reur refuserait de prendre livraison des Produits d\u00e9j\u00e0 r\u00e9gl\u00e9s par lui-m\u00eame ou par quiconque en son nom, INTEGRA pourrait entreposer ces Produits, aux frais, risques et p\u00e9rils de l&rsquo;Acqu\u00e9reur pendant une p\u00e9riode de trois mois. Au-del\u00e0 de cette p\u00e9riode, et huit jours apr\u00e8s une mise en demeure par lettre recommand\u00e9e avec accus\u00e9 de r\u00e9ception rest\u00e9e sans effet, INTEGRA pourrait en disposer librement, les prix correspondant lui restant acquis \u00e0 titre de dommages et int\u00e9r\u00eats conventionnels.<\/p>\n\n\n\n<p>4 &#8211; Retours et emballage &#8211; Les Produits ne peuvent \u00eatre retourn\u00e9s qu&rsquo;avec l&rsquo;autorisation pr\u00e9alable d&rsquo;INTEGRA et uniquement dans le strict respect de l&rsquo;autorisation de retour de mat\u00e9riel (RMA)  d&rsquo;INTEGRA. Aucune note de cr\u00e9dit ne sera \u00e9mise pour les Produits retourn\u00e9s sans RMA. Les Produits retourn\u00e9s doivent \u00eatre exp\u00e9di\u00e9s franco de port et accompagn\u00e9s d&rsquo;un bordereau d&rsquo;exp\u00e9dition mentionnant notre num\u00e9ro de bon de livraison. Les retours dans les 30 jours \u00e0 compter de la date d&rsquo;exp\u00e9dition ne donnent lieu \u00e0 aucun frais de restockage. Apr\u00e8s 30 jours, des frais de restockage de 10 % seront appliqu\u00e9s. Les retours ne seront pas accept\u00e9s au-del\u00e0 de 90 jours \u00e0 compter de la date d&rsquo;exp\u00e9dition.<\/p>\n\n\n\n<p>Les Produits doivent \u00eatre retourn\u00e9s inutilis\u00e9s, dans un \u00e9tat permettant la vente et dans les cartons d&rsquo;origine, non ouverts, non endommag\u00e9s et emball\u00e9s de mani\u00e8re \u00e0 \u00e9viter tout dommage pour qu&rsquo;un avoir soit \u00e9mis. Les Produits d\u00e9t\u00e9rior\u00e9s en raison d&rsquo;une manipulation inad\u00e9quate, de scellages bris\u00e9s\/enlev\u00e9s\/alt\u00e9r\u00e9s, de conditions de stockage qui ne peuvent \u00eatre valid\u00e9es, ouverts ou partiellement utilis\u00e9s ne peuvent pas \u00eatre retourn\u00e9s.<\/p>\n\n\n\n<p>Les Produits \u00e0 temp\u00e9rature contr\u00f4l\u00e9e, les Produits \u00e0 base de peau et de tissus humains et les Produits p\u00e9rim\u00e9s ne peuvent pas \u00eatre retourn\u00e9s.<\/p>\n\n\n\n<p>Les Produits fabriqu\u00e9s sur commande, grav\u00e9s et sous marque de distributeur ne peuvent pas \u00eatre retourn\u00e9s.&nbsp;&nbsp;<\/p>\n\n\n\n<p>Les Produits vendus au comptoir ou par l&rsquo;interm\u00e9diaire d&rsquo;un distributeur agr\u00e9\u00e9 ne peuvent \u00eatre retourn\u00e9es directement \u00e0  INTEGRA.&nbsp; Dans ce cas, veuillez contacter votre fournisseur et consulter sa politique de retour de marchandises. Il est \u00e9galement essentiel que vous nous informiez, ainsi que les transporteurs, de toute r\u00e9clamation pour dommage ou perte dans les trois jours suivant la r\u00e9ception des marchandises ou de tout soup\u00e7on ou indication que les Produits ont pu \u00eatre perdus en transit.&nbsp; Si vous ne le faites pas dans ce d\u00e9lai de trois jours, la r\u00e9clamation ne sera pas accept\u00e9e.<\/p>\n\n\n\n<p>5 &#8211; Prix&nbsp;&#8211; L\u2019Acqu\u00e9reur reconna\u00eet \u00eatre en possession des tarifs d&rsquo;INTEGRA en vigueur&nbsp; au moment de la passation de sa commande. Ils peuvent \u00eatre r\u00e9vis\u00e9s suivant les conditions \u00e9conomiques du moment et la r\u00e9glementation en vigueur. Les prix sont \u00e9tablis hors taxes (TVA en sus selon les taux en vigueur). Lorsque le montant total d&rsquo;une commande pass\u00e9e par l&rsquo;Acqu\u00e9reur est inf\u00e9rieur au montant minimum indiqu\u00e9 dans le catalogue de produits aff\u00e9rent, INTEGRA se r\u00e9serve le droit de facturer des frais de manutention. Par ailleurs, INTEGRA se r\u00e9serve \u00e9galement le droit de facturer des frais de traitement administratif pour chaque&nbsp; commande, quel que soit son montant. Enfin, des frais de location pourront \u00e9galement \u00eatre factur\u00e9s en sus par INTEGRA dans le cadre de pr\u00eats de produits.<\/p>\n\n\n\n<p>6 &#8211; Paiement &#8211; Modalit\u00e9s&nbsp;&#8211; Apr\u00e8s acceptation pr\u00e9alable de la commande par INTEGRA et avis favorable des services financiers d&rsquo;INTEGRA, et sauf accord expr\u00e8s contraire des parties, les factures sont payables dans un d\u00e9lai de trente jours \u00e0 compter de la date d\u2019\u00e9mission de la facture. Dans l\u2019hypoth\u00e8se o\u00f9 INTEGRA consid\u00e9rerait que la solvabilit\u00e9 ou les ant\u00e9c\u00e9dents de l\u2019Acqu\u00e9reur en mati\u00e8re de paiement ne sont, pour quelque raison que ce soit, pas satisfaisants, INTEGRA pourra exiger la constitution d\u2019une garantie ou un r\u00e8glement comptant ou par traite payable \u00e0 vue, avant l\u2019ex\u00e9cution des commandes re\u00e7ues.<br>Constitue un paiement au sens du pr\u00e9sent article, non pas la simple remise d\u2019un effet de commerce, mais son encaissement complet et effectif \u00e0 l\u2019\u00e9ch\u00e9ance convenue.<\/p>\n\n\n\n<p>7 &#8211; Paiement &#8211; Retard ou\nd\u00e9faut&nbsp;&#8211; En cas de retard de paiement, INTEGRA pourra\nsuspendre toutes les livraisons en cours, sans pr\u00e9judice de toute autre voie d\u2019action.\nToute somme non pay\u00e9e \u00e0 \u00e9ch\u00e9ance pr\u00e9vue donnera lieu de plein droit et sans\nmise en demeure pr\u00e9alable au paiement d\u2019int\u00e9r\u00eats de retard au taux d\u2019int\u00e9r\u00eat\nl\u00e9gal pr\u00e9vu par la directive 2011\/7\/UE. Ces int\u00e9r\u00eats courront d\u00e8s le lendemain du\njour de l\u2019\u00e9ch\u00e9ance jusqu\u2019au paiement. En cas de paiement par effet de commerce,\nle d\u00e9faut de retour de l\u2019effet sera consid\u00e9r\u00e9 comme un refus d\u2019acceptation\nassimilable \u00e0 un d\u00e9faut de paiement. De m\u00eame lorsque le&nbsp; paiement est \u00e9chelonn\u00e9, le non-paiement d\u2019une\nseule \u00e9ch\u00e9ance entra\u00eenera l\u2019exigibilit\u00e9 imm\u00e9diate de la totalit\u00e9 de la dette,\nsans mise en demeure. En outre, une indemnit\u00e9 forfaitaire de 40 \u20ac \u00e0 titre de\nfrais de recouvrement pourra \u00eatre factur\u00e9e de plein droit par INTEGRA. L\u2019Acqu\u00e9reur\ndevra par ailleurs indemniser INTEGRA de tous frais judiciaires encourus par\ncette derni\u00e8re pour recouvrer sa cr\u00e9ance ou obtenir la restitution des\nProduits, tels que, notamment, tous frais de proc\u00e9dure, d\u00e9pens, d\u00e9bours et\nhonoraires d\u2019avocat ou d\u2019huissier. En aucun cas, les paiements ne peuvent \u00eatre\nsuspendus ni faire l\u2019objet d\u2019une quelconque compensation sans l\u2019accord \u00e9crit et\npr\u00e9alable d&rsquo;INTEGRA. Tout paiement partiel s\u2019imputera d\u2019abord sur la partie non\nprivil\u00e9gi\u00e9e de la cr\u00e9ance, puis sur les sommes dont l\u2019exigibilit\u00e9 est la plus\nancienne.<\/p>\n\n\n\n<p>8 &#8211; Limitation de\nResponsabilit\u00e9&nbsp;&#8211; Dans toute la mesure permise par la loi, la\nresponsabilit\u00e9 d&rsquo;INTEGRA \u00e0 quelque titre que ce soit est : (i) limit\u00e9e, pour\nl\u2019ensemble des dommages qu&rsquo;INTEGRA est susceptible de causer pendant ou \u00e0\nl\u2019occasion de l\u2019ex\u00e9cution de l\u2019ensemble des Contrats conclus au cours d\u2019une\nm\u00eame ann\u00e9e civile, au montant total vers\u00e9 par l\u2019Acqu\u00e9reur au titre des Produits\nachet\u00e9s au cours de ladite ann\u00e9e civile ; et (ii) exclue, s\u2019agissant des\ndommages indirects, tels que, notamment, tout manque \u00e0 gagner ou perte de\nprofit, de b\u00e9n\u00e9fices, d\u2019int\u00e9r\u00eats ou d\u2019\u00e9conomie, atteinte \u00e0 l\u2019image ou \u00e0 la\nr\u00e9putation, ou tout autre dommage immat\u00e9riel, cons\u00e9cutif ou non, de quelque\nnature qu\u2019il soit, et quelle qu\u2019en soit la cause ou la forme ou quel qu\u2019en soit\nle fondement.<\/p>\n\n\n\n<p>9 &#8211; Force Majeure&nbsp;&#8211; INTEGRA ne saurait voir sa responsabilit\u00e9 engag\u00e9e \u00e0 l\u2019\u00e9gard de l\u2019Acqu\u00e9reur pour le cas o\u00f9 l\u2019ex\u00e9cution de ses obligations serait retard\u00e9e, restreinte ou rendue impossible du fait de la survenance d\u2019un \u00e9v\u00e9nement impr\u00e9visible, irr\u00e9sistible et ind\u00e9pendant de la volont\u00e9 de INTEGRA (un \u00ab Cas de Force Majeure\u00bb). Sont notamment consid\u00e9r\u00e9s comme Cas de Force Majeure aux termes des C.G.V. les \u00e9v\u00e9nements suivants : action ou omission de l\u2019Acqu\u00e9reur, mesures gouvernementales ou administratives, incendie, inondation, \u00e9pid\u00e9mie, quarantaine, crise \u00e9nerg\u00e9tique, gr\u00e8ves, troubles sociaux, guerre, actes de terrorisme, \u00e9meutes, accidents, p\u00e9nuries ou retards affectant les transports. <br>Dans l\u2019hypoth\u00e8se o\u00f9 INTEGRA subirait un Cas deForce Majeure, l\u2019ex\u00e9cution de ses obligations sera suspendue. Si le Cas de Force Majeure se poursuit pendant plus d\u2019un (1) mois, les parties pourront n\u00e9gocier de bonne foi la r\u00e9siliation des Contrats affect\u00e9s par le Cas de Force Majeure. <\/p>\n\n\n\n<p>10 -G\u00e9n\u00e9ralit\u00e9s<\/p>\n\n\n\n<p>10.1 Nullit\u00e9 Partielle &#8211; Dans l\u2019hypoth\u00e8se o\u00f9\nl\u2019une des stipulations d\u2019un Contrat serait d\u00e9clar\u00e9e nulle, ill\u00e9gale ou\ninopposable, la validit\u00e9, la l\u00e9galit\u00e9 ou l\u2019opposabilit\u00e9 des stipulations\nrestantes n\u2019en sera en aucune mani\u00e8re affect\u00e9e ou r\u00e9duite. Les parties\nconviennent de tenter de limiter la port\u00e9e de cette nullit\u00e9 ou de cette\ninopposabilit\u00e9 et de conserver l\u2019\u00e9quilibre \u00e9conomique du Contrat affect\u00e9 autant\nque possible.<\/p>\n\n\n\n<p>10.2 P\u00e9rennit\u00e9 des droits des parties &#8211; Le\nnon-exercice par l\u2019une des parties de l\u2019un quelconque des droits dont elle\ndispose en vertu d\u2019un Contrat ou de la loi ne saurait en aucun cas \u00eatre\ninterpr\u00e9t\u00e9 comme valant renonciation \u00e0 ce droit, l\u2019une ou l\u2019autre des parties\nse r\u00e9servant la possibilit\u00e9 de solliciter l\u2019application de ce droit \u00e0 tout\nmoment.<\/p>\n\n\n\n<p>11 &#8211; Litiges&nbsp;&#8211; SERONT SEULS COMPETENTS EN\nCAS DE LITIGE DE TOUTE NATURE OU DE CONTESTATION RELATIVE A LA FORMATION OU\nL\u2019EXECUTION DES CONTRATS, LES TRIBUNAUX COMPETENTS DE BRUXELLES.<\/p>\n\n\n\n<p>&nbsp;12 &#8211; Loi applicable.&nbsp;&#8211; Les Contrats, en ce comprises les C.G.V., sont\nsoumis au droit belge. <\/p>\n","protected":false},"excerpt":{"rendered":"<p>INTEGRA LS (Benelux) NV Conditions G\u00e9n\u00e9rales de Vente 1 &#8211; Application des conditions g\u00e9n\u00e9rales de vente &#8211; Opposabilit\u00e9 des conditions g\u00e9n\u00e9rales de vente&nbsp;&#8211; Les pr\u00e9sentes conditions g\u00e9n\u00e9rales de vente (les \u00abC.G.V.\u00bb)&nbsp;d\u00e9finissent les conditions dans lesquelles la soci\u00e9t\u00e9 INTEGRA LS (Benelux) NV (\u00abINTEGRA\u00bb)&nbsp;vend \u00e0 chaque acqu\u00e9reur (l\u2019 \u00abAcqu\u00e9reur\u00bb) tout produit propos\u00e9 \u00e0 la vente par INTEGRA&nbsp;(un [&hellip;]<\/p>\n","protected":false},"author":3,"featured_media":0,"parent":0,"menu_order":0,"comment_status":"closed","ping_status":"closed","template":"","meta":{"footnotes":""},"class_list":["post-385","page","type-page","status-publish","hentry"],"_links":{"self":[{"href":"https:\/\/terms.integralife.eu\/fr-be\/wp-json\/wp\/v2\/pages\/385","targetHints":{"allow":["GET"]}}],"collection":[{"href":"https:\/\/terms.integralife.eu\/fr-be\/wp-json\/wp\/v2\/pages"}],"about":[{"href":"https:\/\/terms.integralife.eu\/fr-be\/wp-json\/wp\/v2\/types\/page"}],"author":[{"embeddable":true,"href":"https:\/\/terms.integralife.eu\/fr-be\/wp-json\/wp\/v2\/users\/3"}],"replies":[{"embeddable":true,"href":"https:\/\/terms.integralife.eu\/fr-be\/wp-json\/wp\/v2\/comments?post=385"}],"version-history":[{"count":3,"href":"https:\/\/terms.integralife.eu\/fr-be\/wp-json\/wp\/v2\/pages\/385\/revisions"}],"predecessor-version":[{"id":403,"href":"https:\/\/terms.integralife.eu\/fr-be\/wp-json\/wp\/v2\/pages\/385\/revisions\/403"}],"wp:attachment":[{"href":"https:\/\/terms.integralife.eu\/fr-be\/wp-json\/wp\/v2\/media?parent=385"}],"curies":[{"name":"wp","href":"https:\/\/api.w.org\/{rel}","templated":true}]}}