{"id":407,"date":"2022-08-25T15:28:04","date_gmt":"2022-08-25T13:28:04","guid":{"rendered":"https:\/\/terms.integralife.eu\/?page_id=407"},"modified":"2022-08-25T15:28:05","modified_gmt":"2022-08-25T13:28:05","slug":"2022-08-25","status":"publish","type":"page","link":"https:\/\/terms.integralife.eu\/de-ch\/2022-08-25\/","title":{"rendered":"2022-08-25"},"content":{"rendered":"\n<h2 class=\"wp-block-heading\"> ILS Services Schweiz AG <\/h2>\n\n\n\n<h3 class=\"wp-block-heading\"> Gesch\u00e4ftsbedingungen <\/h3>\n\n\n\n<p>1. Anwendung der Allgemeinen Gesch\u00e4ftsbedingungen\n&#8211; Wirksamkeit der Allgemeinen Gesch\u00e4ftsbedingungen<\/p>\n\n\n\n<p>Diese\nAllgemeinen Gesch\u00e4ftsbedingungen (\u201eAGB\u201c) regeln die Bedingungen f\u00fcr den Verkauf\nder von ILS&nbsp;Services Schweiz AG einem K\u00e4ufer (\u201eK\u00e4ufer\u201c) zum Kauf angebotenen\nund vom K\u00e4ufer bestellten Produkte&nbsp; &nbsp;(\u201eProdukt\u201c). Mit der ILS Services Schweiz AG erteilten\nBestellung werden vom K\u00e4ufer diese AGB uneingeschr\u00e4nkt und vorbehaltslos\nangenommen. Der K\u00e4ufer erkennt an, dass er sie vor der Bestellung erhalten und\nzur Kenntnis genommen hat, wobei&nbsp;\nsonstige Unterlagen, die von ILS Services Schweiz AG herausgegeben\nwerden, nur unverbindlicher Art sind. Sonderbedingungen gehen diesen AGB nur\nvor, wenn sich ILS Services Schweiz AG damit ausdr\u00fccklich und schriftlich\neinverstanden erkl\u00e4rt. Entgegenstehende Bedingungen des K\u00e4ufers, die von ILS\nServices Schweiz nicht ausdr\u00fccklich best\u00e4tigt werden, sind unabh\u00e4ngig vom\nZeitpunkt ihrer Mitteilung gegen\u00fcber ILS Services Schweiz AG unwirksam.<\/p>\n\n\n\n<p>2. Bestellungen<\/p>\n\n\n\n<p>Wegen\nder medizinischen Besonderheit der Produkte m\u00fcssen die Bestellungen ILS\nServices Schweiz AG&nbsp; schriftlich (per\nPost, E-Mail oder Fax) erteilt werden und alle notwendigen Angaben f\u00fcr die\nBearbeitung der Bestellung und die Fakturierung enthalten. <\/p>\n\n\n\n<p>Bei\nBestellungen, die vom K\u00e4ufer telefonisch erteilt werden, wird davon\nausgegangen, dass der K\u00e4ufer die Produkte, die er erhalten hat, auch bestellt\nhat. ILS Services Schweiz AG lehnt jegliche Haftung bei Nichterf\u00fcllung oder\neiner fehlerhaften Auslegung von Bestellungen, die vom K\u00e4ufer telefonisch\nerteilt werden, ab.<\/p>\n\n\n\n<p>Ein\nKaufvertrag kommt durch die ausdr\u00fcckliche schriftliche Best\u00e4tigung der\nBestellung durch ILS Services Schweiz AG zustande. Bei einer Lieferung von\nProdukten ohne Best\u00e4tigung der Bestellung durch ILS Services Schweiz AG gilt\ndie Rechnung der gelieferten Produkte als Auftragsbest\u00e4tigung.<\/p>\n\n\n\n<p>3. Lieferung<\/p>\n\n\n\n<p>Sofern auf den Rechnungsdokumenten nichts anderes vermerkt ist, werden die Waren frei Frachtf\u00fchrer ab Standort des Verk\u00e4ufers an den K\u00e4ufer geliefert (FCA, Incoterms 2010); ausgenommen hiervon sind dringende zeitkritische Sendungen. Der Eigentums\u00fcbergang an den K\u00e4ufer findet bei \u00dcbergabe des Produktes an den Frachtf\u00fchrer statt; bei Integra verbleibt jedoch das Risiko der Besch\u00e4digung oder des Verlusts der Ware w\u00e4hrend des Transports. Bei einer dringlichen Lieferung handelt es sich um eine Lieferung, deren Frist unter der \u00fcblichen von ILS Services Schweiz AG praktizierten Lieferfrist liegt. Die von ILS Services Schweiz AG angegebenen Lieferfristen sind unverbindlich. ILS Services Schweiz AG haftet nicht f\u00fcr das \u00dcberschreiten der angegebenen Lieferfristen. <\/p>\n\n\n\n<p>ILS\nServices Schweiz AG beh\u00e4lt sich das Recht vor, Teillieferungen vorzunehmen. Der\nK\u00e4ufer hat die Lieferung angenommen, (i) falls er nicht eine schriftliche\nEinschr\u00e4nkung auf dem Luftfrachtbrief (LTA), dem Hinterlegungsschein, dem\nTransportschein oder Konnossement anbringt im Falle von sichtbaren Sch\u00e4den, die\nbeim Empfang der Produkte festgestellt werden, oder (ii) wenn nach Erhalt der\nRechnung oder der Packliste, ILS Services Schweiz AG nicht innert acht (8)\nTagen von der unvollst\u00e4ndigen Lieferung, mangelhaften Lieferung oder\nFehllieferung schriftlich informiert wird. Das Lieferdatum ist dasjenige,\nwelches aus dem Luftfrachtbrief, dem Hinterlegungsschein oder dem Konnossement\nhervorgeht. Der K\u00e4ufer verpflichtet sich, den Lieferort zug\u00e4nglich zu halten\nund seine Zusammenarbeit anzubieten, damit die Lieferung unter bestm\u00f6glichen\nUmst\u00e4nden stattfinden kann. Die Nichteinhaltung dieser Verpflichtung macht den\nK\u00e4ufer direkt und vollst\u00e4ndig verantwortlich in Bezug auf Beschwerden, die der\nTransporteur bei ILS Services Schweiz AG vorbringt. Falls der K\u00e4ufer sich\nweigert, bereits von ihm oder von einem Dritten bezahlte Produkte anzunehmen,\nso kann ILS Services Schweiz AG die Produkte auf Kosten und Gefahr des K\u00e4ufers\nf\u00fcr eine Dauer von drei (3) Monaten zwischenlagern. Nach Ablauf dieser Periode\nund acht (8) Tage nach einer erfolglosen Inverzugsetzung durch ein Einschreiben\nmit R\u00fcckschein, kann ILS Services Schweiz AG frei \u00fcber die Produkte verf\u00fcgen\nund die entsprechenden Eink\u00fcnfte unter dem Titel konventionellen\nSchadenersatzes einbehalten.<\/p>\n\n\n\n<p>4. \u00a0R\u00fccksendungen und Verpackung<\/p>\n\n\n\n<p class=\"has-text-align-left\">4.1 Waren d\u00fcrfen nur mit vorheriger genehmigung  des ILS Services Schweiz AG  und nur unter strikter cinhaltung der r\u00fccksendegenehmigung (RMA) des  ILS Services Schweiz AG  zur\u00fcckgegeben werden. F\u00fcr Waren, die ohne RMA zur\u00fcckgeschickt werden, wird keine Gutschrift erteilt. Die zur\u00fcckgesandten Waren m\u00fcssen frachtfrei versendet werden und von einem packzettel mit angabe unserer Lieferscheinnummer begleitet sein. Bei r\u00fccksendungen innerhalb von 30 tagen ab dem versanddatum wird keine r\u00fccknahmegeb\u00fchr erhoben. Nach 30 tagen wird eine r\u00fccknahmegeb\u00fchr von 10 % erhoben. R\u00fccksendungen werden nicht l\u00e4nger als 90 tage ab versanddatum akzeptiert.<\/p>\n\n\n\n<p>4.2 Waren m\u00fcssen unbenutzt, in verkaufsf\u00e4higem zustand und in unge\u00f6ffneten, unbesch\u00e4digten originalkartons zur\u00fcckgeschickt werden, die so verpackt sind, dass sie nicht besch\u00e4digt werden, damit eine gutschrift erteilt werden kann. Besch\u00e4digte Waren, die durch unsachgem\u00e4\u00dfe behandlung (z.B. gebrochene\/entfernte\/manipulierte Siegel), nicht validierbare lagerbedingungen, ge\u00f6ffnete oder teilweise benutzte Waren entstanden sind, k\u00f6nnen nicht zur\u00fcckgegeben werden.<\/p>\n\n\n\n<p>4.3 Temperaturkontrollierte, auf haut und menschlichem gewebe basierende produkte und abgelaufene Waren werden nicht zur\u00fcckgenommen.<\/p>\n\n\n\n<p>4.4. Sonderanfertigungen, ge\u00e4tzte produkte und eigenmarken sind von der r\u00fcckgabe ausgeschlossen.\u00a0\u00a0<\/p>\n\n\n\n<p>4.5 Waren, die \u00fcber den ladentisch oder \u00fcber einen autorisierten h\u00e4ndler verkauft werden, k\u00f6nnen nicht direkt an das  ILS Services Schweiz AG zur\u00fcckgegeben werden.\u00a0 In diesem fall wenden sie sich bitte an ihren h\u00e4ndler und konsultieren sie dessen r\u00fcckgaberichtlinien.<\/p>\n\n\n\n<p>4.6 Es ist au\u00dferdem unerl\u00e4sslich, dass sie sowohl uns als auch die transportunternehmen innerhalb von drei tagen nach erhalt der Waren oder bei verdacht oder anzeichen, dass die Waren auf dem transportweg verloren gegangen sein k\u00f6nnten, \u00fcber alle schadens- oder verlustmeldungen informieren.\u00a0 Wenn sie dies nicht innerhalb dieser drei tage tun, wird der anspruch nicht anerkannt.<\/p>\n\n\n\n<p>5. Preise<\/p>\n\n\n\n<p>Der K\u00e4ufer best\u00e4tigt, dass ihm die g\u00fcltigen Preise von\nILS Services Schweiz AG bei der Auftragserteilung vorliegen. Die Preise k\u00f6nnen\naufgrund der bestehenden wirtschaftlichen Lage und den geltenden\nRechtsvorschriften revidiert werden. Die Preise gelten ohne Mehrwertsteuer\n(zuz\u00fcglich Mehrwertsteuer zum jeweilig geltenden Satz). &nbsp;Falls der Gesamtbetrag einer Bestellung des\nK\u00e4ufers niedriger ist als der Minimalbetrag, der im Katalog f\u00fcr die\nentsprechenden Produkte angegeben ist, beh\u00e4lt sich die ILS Services Schweiz AG\nvor, Kosten f\u00fcr die Handhabung zu verrechnen. Im weiteren beh\u00e4lt sich ILS\nServices Schweiz AG vor, f\u00fcr jede Bestellung unabh\u00e4ngig ihres Betrags\nAdministrativkosten in Rechnung zu stellen. Schliesslich kann ILS Services\nSchweiz AG im Falle von Produkteausleihen dar\u00fcberhinaus auch Mietkosten in\nRechnung stellen.&nbsp; &nbsp;<\/p>\n\n\n\n<p>6. Zahlung &#8211; Modalit\u00e4ten<\/p>\n\n\n\n<p>Unter\nder Voraussetzung der Annahme der Bestellung durch ILS Services Schweiz AG und\neinem positiven Bescheid der Finanzabteilung der ILS Services Schweiz AG, sind\ndie Rechnungen, soweit von den Parteien nichts anderes ausdr\u00fccklich vereinbart\nwird, innerhalb von dreissig (30) Tagen nach Rechnungsausstellung zahlbar. <\/p>\n\n\n\n<p>Sollte\nILS Services Schweiz AG der Ansicht sein, dass die Bonit\u00e4t oder das bisherige\nZahlungsverhalten des Kunden aus irgendeinem Grund nicht befriedigend sind,\nkann ILS Services Schweiz AG eine Garantie oder eine Barzahlung oder die\nZahlung mit einem Sichtwechsel vor Erf\u00fcllung der eingegangenen Bestellungen\nverlangen. <\/p>\n\n\n\n<p>F\u00fcr\ndie&nbsp; Tilgung im Sinne dieser Regelung ist\nnicht die \u00dcberreichung eines Wechsels massgebend, sondern dessen vollst\u00e4ndiges\nund effektives Inkasso zum vereinbarten Termin. <\/p>\n\n\n\n<p>7. Zahlung \u2013 Verzug oder Ausfall<\/p>\n\n\n\n<p>Im\nFalle eines Zahlungsverzugs ist ILS Services Schweiz AG berechtigt, alle\nlaufenden Lieferungen ungeachtet weitergehender Massnahmen einzustellen. <\/p>\n\n\n\n<p>F\u00fcr\nBetr\u00e4ge, die bei F\u00e4lligkeit nicht bezahlt sind, werden Verzugszinsen zum\ngesetzlichen Zinssatz &nbsp;von f\u00fcnf &nbsp;Prozent (5%) einen Tag nach dem\nF\u00e4lligkeitsdatum bis zur Zahlung verrechnet. Im Falle einer Zahlung durch\nWechsel wird die Nichtr\u00fccksendung als Akzeptverweigerung angesehen, die einer\nNichtzahlung gleichkommt. Desgleichen wird bei einer gestaffelten Zahlung im\nFalle der Nichtzahlung einer Rate die gesamte Forderung ohne Mahnung sofort zur\nZahlung f\u00e4llig.<\/p>\n\n\n\n<p>Der\nK\u00e4ufer hat desweiteren alle Gerichtskosten, die bei ILS Services Schweiz AG in\nVerbindung mit der Eintreibung ihrer Forderung oder der Durchsetzung der\nR\u00fcckgabe der Produkte anfallen, wie insbesondere Verfahrenskosten, Spesen und\nHonorare von Rechtsanw\u00e4lten oder Gerichtsvollziehern, zu erstatten.<\/p>\n\n\n\n<p>Die Zahlungen\nk\u00f6nnen in keinem Fall ohne vorherige schriftliche Zustimmung von ILS Services\nSchweiz AG eingestellt oder aufgerechnet werden. Teilzahlungen werden zun\u00e4chst\nauf den nicht durch ein Konkursprivileg gesicherten Anteil der Forderung und\nsodann auf die jeweils \u00e4ltesten Forderungen angerechnet <\/p>\n\n\n\n<p>8. Haftungsbeschr\u00e4nkung<\/p>\n\n\n\n<p>Die\nHaftung von ILS Services Schweiz AG ist in jedem Fall soweit gesetzlich\nzul\u00e4ssig:<\/p>\n\n\n\n<p>(I)\nbei Sch\u00e4den, die von ILS Services Schweiz AG w\u00e4hrend oder im Rahmen der\nErf\u00fcllung s\u00e4mtlicher in einem Kalenderjahr zustande kommenden Vertr\u00e4ge\nverursacht werden, auf den Gesamtbetrag beschr\u00e4nkt, den der K\u00e4ufer f\u00fcr die im\nbetreffenden Kalenderjahr gekauften Produkte gezahlt hat; und<\/p>\n\n\n\n<p>(II)\nbei indirekten Sch\u00e4den wie insbesondere entgangene Gewinne, Zinsen oder\nausgebliebene Einsparungen, Image- oder Rufsch\u00e4digungen oder bei sonstigen immateriellen\nSch\u00e4den gleich welcher Art, die Folgesch\u00e4den sein k\u00f6nnen, &nbsp;unabh\u00e4ngig von der Ursache, der Form oder der\nRechtsgrundlage ausgeschlossen. <\/p>\n\n\n\n<p>9. H\u00f6here Gewalt<\/p>\n\n\n\n<p>ILS\nServices Schweiz AG haftet gegen\u00fcber dem K\u00e4ufer nicht f\u00fcr eine Verz\u00f6gerung,\nEinschr\u00e4nkung oder Nichterf\u00fcllung ihrer Pflichten bei Einritt eines\nEreignisses, auf das ILS Services Schweiz AG keinen Einfluss hat (\u201eh\u00f6here\nGewalt\u201c). Unter h\u00f6herer Gewalt sind nach den Bestimmungen dieser AGB\ninsbesondere folgende Ereignisse zu verstehen: ein Handeln oder Unterlassen des\nK\u00e4ufers, einschr\u00e4nkende Regierungs- oder Administrativmassnahmen, Brand,&nbsp; \u00dcberschwemmung,&nbsp; Epidemie, Quarant\u00e4ne, Energiekrise, Streiks,\nsoziale Unruhen, Krieg, terroristische Handlungen, Aufruhr, Unf\u00e4lle, &nbsp;Rohstoffausfall oder\nRohstofflieferverz\u00f6gerungen im Transport. <\/p>\n\n\n\n<p>Bei\nEintritt eines Ereignisses h\u00f6herer Gewalt ist ILS Services Schweiz AG von ihren\nLeistungspflichten befreit. Sollte das Ereignis h\u00f6herer Gewalt mehr als einen\n(1) Monat andauern, k\u00f6nnen die Parteien in gutem Glauben \u00fcber die K\u00fcndigung der\nVertr\u00e4ge, deren Erf\u00fcllung durch das Ereignis h\u00f6herer Gewalt versp\u00e4tet ist,\nverhandeln. <\/p>\n\n\n\n<p>10. Allgemeine Bestimmungen<\/p>\n\n\n\n<p>10.1\nTeilnichtigkeit <\/p>\n\n\n\n<p>Sollte\neine der Bestimmungen dieses Vertrages nichtig, gesetzeswidrig oder unwirksam\nsein, so wird dadurch die G\u00fcltigkeit oder Wirksamkeit der \u00fcbrigen Bestimmungen\nin keiner Weise ber\u00fchrt oder eingeschr\u00e4nkt. Die Parteien werden sich bem\u00fchen,\ndie Folgen der Nichtigkeit oder Unwirksamkeit einzuschr\u00e4nken und das\nwirtschaftliche Gleichgewicht des betroffenen Vertrages soweit wie m\u00f6glich\naufrechtzuerhalten. <\/p>\n\n\n\n<p>10.2\nKeine Verwirkung der Rechte der Vertragsparteien<\/p>\n\n\n\n<p>Sollte\neine der Parteien im Einzelfall ihre Rechte, die ihr gest\u00fctzt auf Vertrag oder\nGesetz zustehen, nicht wahrnehmen, so kann dies nicht als Verzicht auf dieses\nRecht ausgelegt werden, und jede Partei beh\u00e4lt sich die M\u00f6glichkeit vor, die\nDurchsetzung dieses Rechts jederzeit zu verlangen.<\/p>\n\n\n\n<p>11. Streitigkeiten<\/p>\n\n\n\n<p>F\u00dcR\nALLE STREITIGKEITEN ODER ANFECHTUNGEN IN VERBINDUNG MIT DEM ZUSTANDEKOMMEN ODER\nDER ERF\u00dcLLUNG DER VERTR\u00c4GE SIND AUSSCHLIESSLICH DIE GERICHTE IM KANTON GENF\nZUST\u00c4NDIG.<\/p>\n\n\n\n<p>12. Anwendbares Recht<\/p>\n\n\n\n<p>Es\nwird ausdr\u00fccklich vereinbart, dass s\u00e4mtliche Vertr\u00e4ge einschliesslich der\nvorliegenden AGB dem Schweizerischen Recht unterstehen. <\/p>\n","protected":false},"excerpt":{"rendered":"<p>ILS Services Schweiz AG Gesch\u00e4ftsbedingungen 1. Anwendung der Allgemeinen Gesch\u00e4ftsbedingungen &#8211; Wirksamkeit der Allgemeinen Gesch\u00e4ftsbedingungen Diese Allgemeinen Gesch\u00e4ftsbedingungen (\u201eAGB\u201c) regeln die Bedingungen f\u00fcr den Verkauf der von ILS&nbsp;Services Schweiz AG einem K\u00e4ufer (\u201eK\u00e4ufer\u201c) zum Kauf angebotenen und vom K\u00e4ufer bestellten Produkte&nbsp; &nbsp;(\u201eProdukt\u201c). Mit der ILS Services Schweiz AG erteilten Bestellung werden vom K\u00e4ufer diese AGB [&hellip;]<\/p>\n","protected":false},"author":3,"featured_media":0,"parent":0,"menu_order":0,"comment_status":"closed","ping_status":"closed","template":"","meta":{"footnotes":""},"class_list":["post-407","page","type-page","status-publish","hentry"],"_links":{"self":[{"href":"https:\/\/terms.integralife.eu\/de-ch\/wp-json\/wp\/v2\/pages\/407","targetHints":{"allow":["GET"]}}],"collection":[{"href":"https:\/\/terms.integralife.eu\/de-ch\/wp-json\/wp\/v2\/pages"}],"about":[{"href":"https:\/\/terms.integralife.eu\/de-ch\/wp-json\/wp\/v2\/types\/page"}],"author":[{"embeddable":true,"href":"https:\/\/terms.integralife.eu\/de-ch\/wp-json\/wp\/v2\/users\/3"}],"replies":[{"embeddable":true,"href":"https:\/\/terms.integralife.eu\/de-ch\/wp-json\/wp\/v2\/comments?post=407"}],"version-history":[{"count":1,"href":"https:\/\/terms.integralife.eu\/de-ch\/wp-json\/wp\/v2\/pages\/407\/revisions"}],"predecessor-version":[{"id":408,"href":"https:\/\/terms.integralife.eu\/de-ch\/wp-json\/wp\/v2\/pages\/407\/revisions\/408"}],"wp:attachment":[{"href":"https:\/\/terms.integralife.eu\/de-ch\/wp-json\/wp\/v2\/media?parent=407"}],"curies":[{"name":"wp","href":"https:\/\/api.w.org\/{rel}","templated":true}]}}