{"id":458,"date":"2024-04-09T14:28:06","date_gmt":"2024-04-09T12:28:06","guid":{"rendered":"https:\/\/terms.integralife.eu\/?page_id=458"},"modified":"2024-04-09T14:28:07","modified_gmt":"2024-04-09T12:28:07","slug":"2024-04-09","status":"publish","type":"page","link":"https:\/\/terms.integralife.eu\/de-at\/2024-04-09\/","title":{"rendered":"2024-04-09"},"content":{"rendered":"\n<style type=\"text\/css\" data-created_by=\"avia_inline_auto\" id=\"style-css-av-ax48h-7b6a11bb9c6200e791a3880534b2d325\">\n.flex_column.av-ax48h-7b6a11bb9c6200e791a3880534b2d325{\nborder-radius:0px 0px 0px 0px;\npadding:0px 0px 0px 0px;\n}\n<\/style>\n<div  class='flex_column av-ax48h-7b6a11bb9c6200e791a3880534b2d325 av_one_full  avia-builder-el-0  avia-builder-el-no-sibling  first flex_column_div av-zero-column-padding  '     ><section  class='av_textblock_section av-jypm3h3g-2ce85a8f1cff93e479383b4be85835f7 '   itemscope=\"itemscope\" itemtype=\"https:\/\/schema.org\/CreativeWork\" ><div class='avia_textblock'  itemprop=\"text\" ><p><strong>INTEGRA LIFESCIENCES AUSTRIA GMBH<\/strong><\/p>\n<p><strong>GESCH\u00c4FTSBEDINGUNGEN<\/strong><\/p>\n<p><strong>\u00a0\u00a0\u00a0<\/strong><\/p>\n<ol>\n<li><strong> Allgemeines<\/strong><\/li>\n<\/ol>\n<p>1.1\u00a0\u00a0\u00a0\u00a0\u00a0\u00a0\u00a0\u00a0\u00a0 In diesen Verkaufsbedingungen haben die folgenden Begriffe folgende Bedeutung:<\/p>\n<p>\u201edas Unternehmen\u201c oder \u201euns\u201c bezeichnet Integra LifeSciences Austria GmbH.\u00a0\u00a0 \u201eK\u00e4ufer\u201c oder \u201eSie\u201c bezeichnet die Person, deren Bestellung von uns angenommen wurde,<\/p>\n<p>\u201eWaren\u201c bezeichnet die Waren, zu deren Verkauf wir uns und zu deren Kauf Sie sich gem\u00e4\u00df eines Auftrags verpflichten.<\/p>\n<p>1.2\u00a0\u00a0\u00a0\u00a0\u00a0\u00a0\u00a0\u00a0\u00a0 S\u00e4mtliche Kostenvoranschl\u00e4ge und Auftr\u00e4ge werden von uns gem\u00e4\u00df den folgenden Bedingungen abgegeben bzw. angenommen. Sollte zwischen diesen Bedingungen und den Konditionen Ihrer Anfrage oder Ihres Auftrags ein Widerspruch vorhanden sein, gelten diese Bedingungen. Jegliche \u00c4nderungen dieser Bedingungen m\u00fcssen von uns schriftlich festgehalten werden.<\/p>\n<p>1.3\u00a0\u00a0\u00a0\u00a0\u00a0\u00a0\u00a0\u00a0\u00a0 Die schriftliche Best\u00e4tigung von telefonisch erteilten Auftr\u00e4gen muss deutlich als Best\u00e4tigung eines bereits erteilten Auftrags gekennzeichnet sein, da Sie anderenfalls f\u00fcr doppelte Auftr\u00e4ge haftbar sind.<\/p>\n<p>1.4\u00a0\u00a0\u00a0\u00a0\u00a0\u00a0\u00a0\u00a0\u00a0 Die Mitarbeiter des Unternehmens sind nicht befugt, Zusicherungen hinsichtlich der Waren abzugeben, es sei denn, diese werden vom Unternehmen schriftlich best\u00e4tigt. Wir haften nicht f\u00fcr Zusicherungen, die auf Ihrem Auftrag zum Zeitpunkt der Annahme durch uns nicht eindeutig dargelegt sind.<\/p>\n<p>1.5\u00a0\u00a0\u00a0\u00a0\u00a0\u00a0\u00a0\u00a0\u00a0 Wir sind berechtigt, typographische oder Schreibfehler sowie Auslassungen in unseren Verkaufsbrosch\u00fcren oder Kostenvoranschl\u00e4gen, Auftragsannahmen, Rechnungen oder anderen von uns herausgegebenen Schriftst\u00fccken oder Informationen zu korrigieren, ohne dass uns dadurch eine Haftpflicht entsteht.<\/p>\n<ol start=\"2\">\n<li><strong> Auftr\u00e4ge<\/strong><\/li>\n<\/ol>\n<p>2.1\u00a0\u00a0\u00a0\u00a0\u00a0\u00a0\u00a0\u00a0\u00a0 Die Menge, Qualit\u00e4t, Installationsarbeiten, Zubeh\u00f6r und Beschreibung und Spezifikationen der Waren werden in unserem Kostenvoranschlag angegeben (soweit von Ihnen akzeptiert).<\/p>\n<p>2.2\u00a0\u00a0\u00a0\u00a0\u00a0\u00a0\u00a0\u00a0\u00a0 Die von uns erstellten Kostenvoranschl\u00e4ge sind f\u00fcr einen Zeitraum von 30 Tagen vom Datum des Kostenvoranschlags an g\u00fcltig. S\u00e4mtliche Kostenvoranschl\u00e4ge und Auftr\u00e4ge werden von uns vorbehaltlich der Verf\u00fcgbarkeit der Waren angenommen.<\/p>\n<p>2.3\u00a0\u00a0\u00a0\u00a0\u00a0\u00a0\u00a0\u00a0\u00a0 F\u00fcr an uns erteilte Auftr\u00e4ge gelten Mindestbestellmengen, was bei Auftragserteilung mit uns abzustimmen ist.<\/p>\n<p>2.4\u00a0\u00a0\u00a0\u00a0\u00a0\u00a0\u00a0\u00a0\u00a0 Wir behalten uns das Recht vor, an den Spezifikationen der Waren notwendige \u00c4nderungen vorzunehmen, um den gesetzlichen oder EC-Richtlinien zu entsprechen, oder \u00c4nderungen, die sich nicht erheblich auf ihre Qualit\u00e4t oder Einsatzf\u00e4higkeit auswirken.<\/p>\n<p>2.5\u00a0\u00a0\u00a0\u00a0\u00a0\u00a0\u00a0\u00a0\u00a0 Von uns angenommene Auftr\u00e4ge k\u00f6nnen von Ihnen nur mit unserer schriftlichen Zustimmung und Ihrer Verpflichtung, uns in vollem Umfang f\u00fcr s\u00e4mtliche Verluste zu entsch\u00e4digen (einschlie\u00dflich entgangenem Gewinn), Kosten (einschlie\u00dflich s\u00e4mtlicher Lohnkosten und Kosten f\u00fcr benutztes Material), Sch\u00e4den, Geb\u00fchren und Aufwendungen, die uns auf Grund der Stornierung oder Ab\u00e4nderung entstehen, storniert oder abge\u00e4ndert werden.<\/p>\n<p>2.6\u00a0\u00a0\u00a0\u00a0\u00a0\u00a0\u00a0\u00a0\u00a0 Wenn:<\/p>\n<p>2.6.1 Sie mit Ihren Gl\u00e4ubigern (nat\u00fcrliche Personen oder Unternehmen) freiwillige Vereinbarungen eingehen oder zahlungsunf\u00e4hig werden oder wenn \u00fcber Sie (als Unternehmen) die Anordnung zur Bestellung eines Verwalters erteilt wird oder Sie Insolvenz anmelden, oder<\/p>\n<p>2.6.2 f\u00fcr Ihr Eigentum oder Ihre Verm\u00f6genswerte ein Zwangsverwalter bestellt wird, oder<\/p>\n<p>2.6.3 Sie die Gesch\u00e4ftst\u00e4tigkeit einstellen oder dies androhen, oder<\/p>\n<p>2.6.4 wir gerechtfertigterweise annehmen, dass eines der oben genannten Ereignisse bevorsteht, sind wir ohne Schaden f\u00fcr die uns zustehenden Rechte oder Rechtsschutz berechtigt, die von Ihnen erteilten Auftr\u00e4ge f\u00fcr ung\u00fcltig zu erkl\u00e4ren oder weitere Lieferungen an Sie einzustellen, ohne dass uns dadurch eine Haftpflicht entsteht. Falls die Waren bereits ausgeliefert, jedoch noch nicht bezahlt wurden, wird der Kaufpreis ungeachtet jeglicher vorheriger anderslautender Vereinbarungen oder Abmachungen zur sofortigen Zahlung f\u00e4llig.<\/p>\n<p>2.7\u00a0\u00a0\u00a0\u00a0\u00a0\u00a0\u00a0\u00a0\u00a0 Falls Sie Ihrer Verpflichtung, technische Angaben zur Verf\u00fcgung zur stellen, nicht nachkommen, und wenn Sie diese Verletzung nicht innerhalb von 14 Tagen nach Mitteilung der Verletzung wieder gutmachen, sind wir berechtigt, alle Ihre Auftr\u00e4ge auszusetzen oder zu stornieren.<\/p>\n<ol start=\"3\">\n<li><strong> Preise<\/strong><\/li>\n<\/ol>\n<p>3.1\u00a0\u00a0\u00a0\u00a0\u00a0\u00a0\u00a0\u00a0\u00a0 Der Produktpreis entspricht unserem Angebotspreis; die Waren werden frei Frachtf\u00fchrer ab Standort des Verk\u00e4ufers (FCA, Incoterms 2010) geliefert, sofern nichts anderes vereinbart wurde.<\/p>\n<p>3.2\u00a0\u00a0\u00a0\u00a0\u00a0\u00a0\u00a0\u00a0\u00a0 Wir behalten uns das Recht vor, den Preis der Waren vor der Lieferung jederzeit durch Mitteilung an Sie zu erh\u00f6hen, um von uns nicht zu vertretenen Kostenerh\u00f6hungen (wie z.B. unter anderem Wechselkursschwankungen, Devisenregulierungen, ge\u00e4nderte Z\u00f6lle) oder ge\u00e4nderte Liefertermine, Mengen oder Spezifikationen der Waren, die von Ihnen angefordert und von uns akzeptiert werden, oder verz\u00f6gerte Abnahme der Lieferung durch Sie Rechnung zu tragen.<\/p>\n<p>3.3\u00a0\u00a0\u00a0\u00a0\u00a0\u00a0\u00a0\u00a0\u00a0 Die angegebenen Preise verstehen sich ohne Mehrwertsteuer oder anderer Umsatzsteuer, zu deren Bezahlung an uns Sie au\u00dferdem verpflichtet sind.<\/p>\n<p>3.4\u00a0\u00a0\u00a0\u00a0\u00a0\u00a0\u00a0\u00a0\u00a0 Bei Installationsarbeiten einschlie\u00dfenden Vertr\u00e4gen behalten wir uns das Recht vor, Standzeiten in Rechnung zu stellen, die durch uns nicht zu vertretende Ereignisse entstanden sind.<\/p>\n<ol start=\"4\">\n<li><strong> Zahlung<\/strong><\/li>\n<\/ol>\n<p>4.1\u00a0\u00a0\u00a0\u00a0\u00a0\u00a0\u00a0\u00a0\u00a0 Die Zahlung des Kaufpreises ist innerhalb von 30 Tagen nach Rechnungsdatum oder gem\u00e4\u00df anderslautender schriftlicher Vereinbarungen mit uns f\u00e4llig. Wir sind zum Erhalt des Preises berechtigt, ungeachtet dessen, dass die Lieferung eventuell nicht stattgefunden oder das Eigentum an den Waren nicht auf Sie \u00fcbergegangen ist. Der Zeitpunkt der Zahlung des Kaufpreises ist ein wesentlicher Bestandteil des Vertrages zwischen Ihnen und uns.<\/p>\n<p>4.2\u00a0\u00a0\u00a0\u00a0\u00a0\u00a0\u00a0\u00a0\u00a0 Sollten Sie es vers\u00e4umen, die Zahlung am F\u00e4lligkeitstag vorzunehmen, sind wir zus\u00e4tzlich zu jeglichen uns zustehenden anderen Rechten oder Rechnungsschutz berechtigt:<\/p>\n<p>4.2.1 vom Vertrag zur\u00fcckzutreten und Ihnen jeglichen Vergleichsabschlag in Rechnung zu stellen,<\/p>\n<p>4.2.2 die sofortige Bezahlung aller zu dem Zeitpunkt offenen Rechnungen zu verlangen,<\/p>\n<p>4.2.3 den Auftrag zu stornieren oder weitere Lieferungen an Sie aussetzen,<\/p>\n<p>4.2.4 jegliche von Ihnen get\u00e4tigten Zahlungen den Waren zuzuweisen (oder den Waren, die gem\u00e4\u00df eines anderen Auftrags geliefert wurden), wie wir dies f\u00fcr angemessen halten, und<\/p>\n<p>4.2.5 Zinsen in H\u00f6he von 3% p.a. \u00fcber dem jeweils g\u00fcltigen Basiszinssatz von Barclays Bank PLC (vor und nach einem Urteil) auf den unbezahlten Betrag in Rechnung zu stellen, bis der ausstehende Betrag in voller H\u00f6he bezahlt wurde (f\u00fcr die Zinsberechnung wird ein Teil eines Monats als ganzer Monat angesehen).<\/p>\n<p>4.3\u00a0\u00a0\u00a0\u00a0\u00a0\u00a0\u00a0\u00a0\u00a0 F\u00fcr von uns bereitgestellte Muster, die nicht innerhalb von drei\u00dfig Tagen nach dem Erhalt an unsere Betriebe zur\u00fcckgegeben werden, sind Sie zur Zahlung in H\u00f6he der zum Ende des Zeitraums von drei\u00dfig Tagen g\u00fcltigen Preise verpflichtet, es sei denn, sie wurden zu besonderen Verkaufs- oder R\u00fcckgabebedingungen geliefert.<\/p>\n<ol start=\"5\">\n<li><strong> Lieferung<\/strong><\/li>\n<\/ol>\n<p>5.1\u00a0\u00a0\u00a0\u00a0\u00a0\u00a0\u00a0\u00a0\u00a0 Jegliche f\u00fcr die Waren angegebene Liefertermine sind nur ungef\u00e4hre Termine, wobei wir nicht f\u00fcr Lieferverz\u00f6gerungen, gleich aus welchem Grund, haftbar sind. Die Liefertermine sind kein wesentlicher Bestandteil des Vertrages zwischen Ihnen und uns. Wir sind berechtigt, die Waren nach angemessener Mitteilung an Sie vor dem angegebenen Liefertermin zu liefern.<\/p>\n<p>5.2\u00a0\u00a0\u00a0\u00a0\u00a0\u00a0\u00a0\u00a0\u00a0 Wenn die Waren in Teillieferungen geliefert werden, stellt jede Lieferung einen separaten Vertrag dar. Durch das Vers\u00e4umnis unsererseits, eine oder mehrere Teillieferungen durchzuf\u00fchren, oder Forderungen Ihrerseits hinsichtlich einer oder mehrerer Teillieferungen, sind Sie nicht berechtigt, den restlichen Auftrag oder andere Auftr\u00e4ge als nichtig zu behandeln.<\/p>\n<p>5.3\u00a0\u00a0\u00a0\u00a0\u00a0\u00a0\u00a0\u00a0\u00a0 Sollten wir es vers\u00e4umen, die Lieferung der Waren (oder Teillieferungen) aus anderen Gr\u00fcnden, als von uns zu vertretenen Gr\u00fcnden oder durch Ihr Verschulden, durchzuf\u00fchren, und wir Ihnen gegen\u00fcber haftbar sind, ist unsere Haftung auf den eventuellen Mehrbetrag der Kosten f\u00fcr Sie (im billigstm\u00f6glichen Markt) f\u00fcr \u00e4hnliche Waren beschr\u00e4nkt, die durch den Ersatz f\u00fcr die nicht erfolgte Lieferung der Waren entstehen.<\/p>\n<p>5.4\u00a0\u00a0\u00a0\u00a0\u00a0\u00a0\u00a0\u00a0\u00a0 Sind im Preis die Kosten f\u00fcr die Lieferung enthalten, ist die Wahl der Liefermethode uns \u00fcberlassen. Es gelten die Transportbedingungen des Frachtf\u00fchrers. Vorbehaltlich anderslautender Vereinbarungen sind wir nicht f\u00fcr die Entladung verantwortlich.<\/p>\n<p>5.5\u00a0\u00a0\u00a0\u00a0\u00a0\u00a0\u00a0\u00a0\u00a0 Falls Sie die Lieferung der Waren nicht annehmen oder es vers\u00e4umen, zum Zeitpunkt des Liefertermins angemessene Anweisungen f\u00fcr die Lieferung zu geben, sind wir ohne Schaden f\u00fcr die uns zustehenden Rechte oder Rechtsschutz berechtigt, die Waren bis zur tats\u00e4chlichen Lieferung einzulagern und Ihnen angemessene Lagerkosten (einschlie\u00dflich Versicherung) in Rechnung zu stellen.<\/p>\n<ol start=\"6\">\n<li><strong> Risiko und Eigentums\u00fcbergang<\/strong><\/li>\n<\/ol>\n<p>Der Eigentums\u00fcbergang an den K\u00e4ufer findet bei \u00dcbergabe des Produktes an den Frachtf\u00fchrer statt; bei Integra verbleibt jedoch das Risiko der Besch\u00e4digung oder des Verlusts der Ware w\u00e4hrend des Transports.<\/p>\n<ol start=\"7\">\n<li><strong> R\u00fccksendungen und Verpackung<\/strong><\/li>\n<\/ol>\n<p>7.1\u00a0\u00a0\u00a0\u00a0\u00a0\u00a0\u00a0\u00a0\u00a0 Waren d\u00fcrfen nur mit vorheriger genehmigung des Unternehmens und nur unter strikter einhaltung der r\u00fccksendegenehmigung (RMA) des Unternehmens zur\u00fcckgegeben werden. F\u00fcr Waren, die ohne RMA zur\u00fcckgeschickt werden, wird keine gutschrift erteilt. Die zur\u00fcckgesandten Waren m\u00fcssen frachtfrei versendet werden und von einem packzettel mit angabe unserer lieferscheinnummer begleitet sein. Bei r\u00fccksendungen innerhalb von 30 tagen ab dem versanddatum wird keine r\u00fccknahmegeb\u00fchr erhoben. Nach 30 tagen wird eine r\u00fccknahmegeb\u00fchr von 10 % erhoben. R\u00fccksendungen werden nicht l\u00e4nger als 90 tage ab versanddatum akzeptiert.<\/p>\n<p>7.2\u00a0\u00a0\u00a0\u00a0\u00a0\u00a0\u00a0\u00a0\u00a0 Waren m\u00fcssen unbenutzt, in verkaufsf\u00e4higem zustand und in unge\u00f6ffneten, unbesch\u00e4digten originalkartons zur\u00fcckgeschickt werden, die so verpackt sind, dass sie nicht besch\u00e4digt werden, damit eine gutschrift erteilt werden kann. Besch\u00e4digte Waren, die durch unsachgem\u00e4\u00dfe behandlung (z.B. gebrochene\/entfernte\/manipulierte siegel), nicht validierbare lagerbedingungen, ge\u00f6ffnete oder teilweise benutzte Waren entstanden sind, k\u00f6nnen nicht zur\u00fcckgegeben werden.<\/p>\n<p>7.3\u00a0\u00a0\u00a0\u00a0\u00a0\u00a0\u00a0\u00a0\u00a0 Temperaturkontrollierte, auf haut und menschlichem gewebe basierende produkte und abgelaufene Waren werden nicht zur\u00fcckgenommen.<\/p>\n<p>7.4\u00a0\u00a0\u00a0\u00a0\u00a0\u00a0\u00a0\u00a0\u00a0 Sonderanfertigungen, ge\u00e4tzte produkte und eigenmarken sind von der r\u00fcckgabe ausgeschlossen.<\/p>\n<p>7.5 Waren, die \u00fcber den ladentisch oder \u00fcber einen autorisierten h\u00e4ndler verkauft werden, k\u00f6nnen nicht direkt an das Unternehmen zur\u00fcckgegeben werden.\u00a0 In diesem fall wenden sie sich bitte an Ihren h\u00e4ndler und konsultieren sie dessen r\u00fcckgaberichtlinien.<\/p>\n<p>7.6 Es ist au\u00dferdem unerl\u00e4sslich, dass sie sowohl uns als auch die transportunternehmen innerhalb von drei tagen nach erhalt der Waren oder bei verdacht oder anzeichen, dass die Waren auf dem transportweg verloren gegangen sein k\u00f6nnten, \u00fcber alle schadens- oder verlustmeldungen informieren.\u00a0 Wenn sie dies nicht innerhalb dieser drei tage tun, wird der anspruch nicht anerkannt.<\/p>\n<ol start=\"8\">\n<li><strong> Zeichnungen, usw.<\/strong><\/li>\n<\/ol>\n<p>8.1\u00a0\u00a0\u00a0\u00a0\u00a0\u00a0\u00a0\u00a0\u00a0 S\u00e4mtliche Spezifikationen, Zeichnungen und bestimmten Gewichte und Abmessungen, die wir mit Kostenvoranschl\u00e4gen unterbreiten, sind nur ungef\u00e4hr. Mit den Beschreibungen und Abbildungen in unseren Katalogen, Preislisten und Werbungen beabsichtigen wir, lediglich einen allgemeinen Eindruck der darin beschriebenen Waren zu vermitteln, wobei die vorstehenden Informationen nicht Teil des Vertrages zwischen Ihnen und uns sind.<\/p>\n<p>8.2\u00a0\u00a0\u00a0\u00a0\u00a0\u00a0\u00a0\u00a0\u00a0 Alle von uns \u00fcbergebenen Spezifikationen und Zeichnungen bleiben unser Eigentum und sind nach Aufforderung unverz\u00fcglich an uns zur\u00fcckzugeben. Sie werden unter der Bedingung \u00fcbergeben, dass sie nur mit unserer vorherigen schriftlichen Zustimmung kopiert oder Dritten gegen\u00fcber offengelegt werden. Sie d\u00fcrfen keinesfalls entgegen unserer Interessen benutzt werden.<\/p>\n<p>8.3\u00a0\u00a0\u00a0\u00a0\u00a0\u00a0\u00a0\u00a0\u00a0 Wenn wir nach Ihren Pl\u00e4nen, Entw\u00fcrfen oder Spezifikationen arbeiten, halten Sie uns hiermit schadlos hinsichtlich u.a. Sch\u00e4den, entgangenen Gewinn, Kosten, Aufwendungen, Strafsteuern, Folge- und indirekte Sch\u00e4den und jegliche andere Forderungen jeglicher Art, die gegen uns wegen Verletzung oder angeblicher Verletzung der Rechte Dritter gestellt werden, worin ohne Einschr\u00e4nkung Urheberrechts-, Patent- oder Designrechte enthalten sind (wobei die vorstehende Aufstellung keine Einschr\u00e4nkung darstellt). Wir gew\u00e4hrleisten nicht, dass die Waren nicht diese Rechte Dritter verletzen.<\/p>\n<ol start=\"9\">\n<li><strong> Inspektion und Tests<\/strong><\/li>\n<\/ol>\n<p>9.1\u00a0\u00a0\u00a0\u00a0\u00a0\u00a0\u00a0\u00a0\u00a0 Die Waren werden einer sorgf\u00e4ltigen Inspektion und, soweit dies im Fertigungsprozess festgelegt ist, in unseren Werken vor dem Versand ab Werk Standardtests unterzogen.<\/p>\n<p>9.2\u00a0\u00a0\u00a0\u00a0\u00a0\u00a0\u00a0\u00a0\u00a0 Falls andere als die in unserem Kostenvoranschlag genannten Tests oder Tests in Ihrer Gegenwart oder der Ihres Beauftragten in unseren Anlagen oder vor Ort angefordert werden, werden Ihnen die unmittelbaren Kosten dieser zus\u00e4tzlichen Arbeiten ggf. zus\u00e4tzlich zum Vertragspreis in Rechnung gestellt.<\/p>\n<p>9.3\u00a0\u00a0\u00a0\u00a0\u00a0\u00a0\u00a0\u00a0\u00a0 Im Falle, dass Sie diesen Tests gem\u00e4\u00df Abs. 9.2 nach einer Fristsetzung von sieben Tagen nicht beiwohnen, werden die Tests in Ihrer Abwesenheit durchgef\u00fchrt. Die Testergebnisse sind f\u00fcr Sie verbindlich.<\/p>\n<ol start=\"10\">\n<li><strong> Zutritt zum Gel\u00e4nde<\/strong><\/li>\n<\/ol>\n<p>10.1\u00a0\u00a0\u00a0\u00a0\u00a0\u00a0\u00a0 Falls Sie die Durchf\u00fchrung von Reparaturen auf Ihrem Gel\u00e4nde oder dem Dritter w\u00fcnschen, m\u00fcssen Sie uns innerhalb der \u00fcblichen Arbeitszeiten nach angemessener Mitteilung Zutritt zum Gel\u00e4nde gew\u00e4hren. Wir sind Ihnen gegen\u00fcber in keiner Weise haftbar, falls Sie es vers\u00e4umen, uns diesen Zutritt zu gew\u00e4hren.<\/p>\n<p>10.2\u00a0\u00a0\u00a0\u00a0\u00a0\u00a0\u00a0 Im Falle von Vertr\u00e4gen, in denen Installationsarbeiten beinhaltet sind, halten Sie uns und unsere Mitarbeiter und Bevollm\u00e4chtigten gegen jegliche Verluste oder Personen- und Sachsch\u00e4den schadlos, die einem der Vorgenannten an Ihrem Standort oder dem Dritter durch eine Nichterf\u00fcllung Ihrerseits oder seitens Ihrer Mitarbeiter, Subunternehmer oder Beauftragten entstanden sind.<\/p>\n<ol start=\"11\">\n<li><strong> Gew\u00e4hrleistungen und Haftpflicht<\/strong><\/li>\n<\/ol>\n<p>Die INTEGRA LIFE SCIENCES CORPORATION und ihre 100 %-igen Tochtergesellschaften (\u201eINTEGRA\u201c) gew\u00e4hren ihren autorisierten H\u00e4ndlern und den urspr\u00fcnglichen K\u00e4ufern auf jedes neue INTEGRA-Produkt bei normalem Gebrauch und Wartung f\u00fcr einen Zeitraum von einem (1) Jahr (vorbehaltlich ausdr\u00fccklich anders lautender Bestimmungen bei Zubeh\u00f6rartikeln) ab Lieferung durch INTEGRA (oder einen ihrer offiziellen H\u00e4ndler) zum Endverbraucher, keinesfalls jedoch \u00fcber das auf jedem Produkt angegebene Verfallsdatum hinaus, eine Garantie gegen Material- und Herstellungsm\u00e4ngel. Bei Produkten, die von INTEGRA \u00fcber einen autorisierten H\u00e4ndler verkauft werden, gilt auch der K\u00e4ufer eines INTEGRA-Produktes, dem ein H\u00e4ndler das Produkt als erstes verkauft, als \u201eurspr\u00fcnglicher K\u00e4ufer\u201c.<\/p>\n<ul>\n<li>Eine Garantie f\u00fcr die Qualit\u00e4t von chirurgischen Instrumenten im Bezug auf Material- und Herstellungsm\u00e4ngel besteht nur dann, wenn sie nicht zweckentfremdet, unangemessen gereinigt oder verwendet werden.<\/li>\n<li>Produkte, die INTEGRA im Zuge eines Leasing-, Miet- oder Ratenkaufvertrages zur Verf\u00fcgung stellt und die innerhalb der Vertragslaufzeit eines Reparaturdienstes bed\u00fcrfen, m\u00fcssen gem\u00e4\u00df den Vertragsbestimmungen repariert werden.<\/li>\n<\/ul>\n<p>Beim Auftreten eines Defekts w\u00e4hrend des Gew\u00e4hrleistungszeitraumes oder der Vertragsdauer muss der K\u00e4ufer oder H\u00e4ndler direkt mit INTEGRA Kontakt aufnehmen. Sollte der K\u00e4ufer oder H\u00e4ndler diese Gew\u00e4hrleistung in Anspruch nehmen, so muss das defekte Produkt umgehend, ordnungsgem\u00e4\u00df verpackt und frankiert an INTEGRA zur\u00fcckgesandt werden. Das Risiko des Verlustes oder der Besch\u00e4digung der Ware w\u00e4hrend des Versandes tr\u00e4gt der Absender. INTEGRA verpflichtet sich im Rahmen dieser Gew\u00e4hrleistung ausschlie\u00dflich zur Reparatur oder Ersatz, nach alleinigem Ermessen und \u00fcbernimmt die Kosten gem\u00e4\u00df den Bestimmungen dieser Gew\u00e4hrleistung und den geltenden Vereinbarungen.\u00a0 INTEGRA KANN KEINESFALLS F\u00dcR INDIREKTE ODER DIREKTE SCH\u00c4DEN IN ZUSAMMENHANG MIT DEM ERWERB ODER DEM GEBRAUCH VON INTEGRA-PRODUKTEN HAFTBAR GEMACHT WERDEN. Weiter gilt diese Gew\u00e4hrleistung nicht f\u00fcr einen im Zusammenhang mit dem Erwerb oder dem Gebrauch eines INTEGRA-Produktes entstandenen Schaden, wenn Reparaturen nicht durch einen INTEGRA-Techniker ausgef\u00fchrt wurden oder wenn das Produkt nach Ansicht von INTEGRA in irgendeiner Weise ver\u00e4ndert wurde, sodass seine Stabilit\u00e4t oder Zuverl\u00e4ssigkeit beeintr\u00e4chtigt wurde, oder wenn das Produkt falsch oder nachl\u00e4ssig angewendet oder besch\u00e4digt wurde, oder wenn die Anweisungen von INTEGRA nicht beachtet wurden. DIESE BEGRENZTE GEW\u00c4HRLEISTUNG GILT ANSTELLE ALLER ANDEREN AUSDR\u00dcCKLICHEN ODER STILLSCHWEIGENDEN GEW\u00c4HRLEISTUNGENSOWIE JEDER WEITEREN VERPFLICHTUNG ODER HAFTUNG SEITENS INTEGRA ODER SEINER AUTORISIERTEN H\u00c4NDLER.. INTEGRA \u00dcBERNIMMT FERNER WEDER SELBST NOCH DURCH VERTRETER ODER DRITTE EINE DAR\u00dcBER HINAUSGEHENDE HAFTUNG IM ZUSAMMENHANG MIT INTEGRA-PRODUKTEN.\u00a0 INTEGRA ERKENNT FERNER KEINE WEITEREN\u00a0 AUSDR\u00dcCKLICHEN ODER STILLSCHWEIGENDEN GEW\u00c4HRLEISTUNGEN, EINSCHLIESSLICH JEDER EXPLIZITEN ODER IMPLIZIERTEN GEW\u00c4HRLEISTUNG EINER MARKTG\u00c4NGIGKEIT ODER EIGNUNG ZU EINEM BESTIMMTEN ZWECK, ZU EINER ANWENDUNG ODER DER GEW\u00c4HRLEISTUNG DER QUALIT\u00c4T SOWIE IRGENDWELCHE IMPLIZITE ODER AUSDR\u00dcCKLICHE GEW\u00c4HRLEISTUNGEN GEGEN\u00dcBER DEN PATIENTEN AN. Handlungen oder Aussagen k\u00f6nnen weder als Gew\u00e4hrleistung oder Garantie verstanden werden, noch k\u00f6nnen sie die vorliegende Gew\u00e4hrleistungsregelungen \u00e4ndern. Es sei denn dies geschieht in Folge eines von INTEGRA unterzeichneten Schreibens.. Diese Bestimmung zur \u00c4nderung der Gew\u00e4hrleistung kann weder m\u00fcndlich noch durch irgendein Verhalten aufgehoben werden.<\/p>\n<p>AUTORISIERTE INTEGRA-H\u00c4NDLER K\u00d6NNEN KEINESFALLS F\u00dcR INDIREKTE ODER DIREKTE SCH\u00c4DEN IN ZUSAMMENHANG MIT DEM ERWERB ODER DEM GEBRAUCH VON INTEGRA-PRODUKTEN HAFTBAR GEMACHT WERDEN. Weiter gilt diese Gew\u00e4hrleistung nicht und autorisierte INTEGRA-H\u00e4ndler haften nicht f\u00fcr einen im Zusammenhang mit dem Erwerb oder dem Gebrauch eines INTEGRA-Produktes entstandenen Schaden, wenn Reparaturen nicht durch einen INTEGRA-Techniker ausgef\u00fchrt wurden oder wenn das Produkt nach Ansicht von INTEGRA in irgendeiner Weise ver\u00e4ndert wurde, sodass seine Stabilit\u00e4t oder Zuverl\u00e4ssigkeit beeintr\u00e4chtigt wurde, oder wenn das Produkt falsch oder nachl\u00e4ssig angewendet oder besch\u00e4digt wurde, oder wenn die Anweisungen von INTEGRA nicht beachtet wurden. DIESE BEGRENZTE GEW\u00c4HRLEISTUNG DER INTEGRA-H\u00c4NDLER GILT ANSTELLE ALLER ANDEREN AUSDR\u00dcCKLICHEN ODER STILLSCHWEIGENDEN GEW\u00c4HRLEISTUNGEN GEGEN\u00dcBER DEM URSPR\u00dcNGLIHCEN K\u00c4UFER SOWIE JEDER WEITEREN VERPFLICHTUNG ODER HAFTUNG GEGEN\u00dcBER DEM URSPR\u00dcNGLICHEN K\u00c4UFER SEITENS DES AUTORISIERTEN INTEGRA-H\u00c4NDLERS. AUTORISIERTE INTEGRA-H\u00c4NDLER ERKENNEN FERNER KEINE WEITEREN AUSDR\u00dcCKLICHEN ODER STILLSCHWEIGENDEN GEW\u00c4HRLEISTUNGEN, EINSCHLIESSLICH JEDER EXPLIZITEN ODER IMPLIZIERTEN GEW\u00c4HRLEISTUNG EINER MARKTG\u00c4NGIGKEIT ODER EIGNUNG ZU EINEM BESTIMMTEN ZWECK, ZU EINER ANWENDUNG ODER DER GEW\u00c4HRLEISTUNG DER QUALIT\u00c4T SOWIE IRGENDWELCHE IMPLIZITE ODER AUSDR\u00dcCKLICHE GEW\u00c4HRLEISTUNGEN GEGEN\u00dcBER DEN PATIENTEN AN.<\/p>\n<p><strong>12\u00a0\u00a0\u00a0\u00a0\u00a0\u00a0\u00a0\u00a0\u00a0\u00a0 Ma\u00dfgebliches Recht<\/strong><\/p>\n<p>Der Vertrag zwischen Ihnen und uns untersteht deutschem Recht. Sie verpflichten sich, die alleinige Zust\u00e4ndigkeit der \u00f6sterreichischen Gerichte anzuerkennen.<\/p>\n<ol start=\"13\">\n<li><strong> Verzichtsklausel<\/strong><\/li>\n<\/ol>\n<p>Verzichtserkl\u00e4rungen unsererseits hinsichtlich der Verletzung einer Bedingung Ihrerseits werden nicht als Verzichtserkl\u00e4rung hinsichtlich weiterer Verletzungen dieser Bedingung oder von Verletzungen anderer Bedingungen ausgelegt.<\/p>\n<p><strong>\u00a0 \u00a0 \u00a0\u00a0<\/strong><\/p>\n<p><span style=\"margin: 0px; line-height: 107%; font-family: 'Times New Roman',serif; font-size: 12pt;\"><span style=\"color: #000000;\">\u00a0<\/span><\/span><\/p>\n<\/div><\/section><\/div>\n","protected":false},"excerpt":{"rendered":"","protected":false},"author":3,"featured_media":0,"parent":0,"menu_order":0,"comment_status":"closed","ping_status":"closed","template":"","meta":{"footnotes":""},"class_list":["post-458","page","type-page","status-publish","hentry"],"_links":{"self":[{"href":"https:\/\/terms.integralife.eu\/de-at\/wp-json\/wp\/v2\/pages\/458","targetHints":{"allow":["GET"]}}],"collection":[{"href":"https:\/\/terms.integralife.eu\/de-at\/wp-json\/wp\/v2\/pages"}],"about":[{"href":"https:\/\/terms.integralife.eu\/de-at\/wp-json\/wp\/v2\/types\/page"}],"author":[{"embeddable":true,"href":"https:\/\/terms.integralife.eu\/de-at\/wp-json\/wp\/v2\/users\/3"}],"replies":[{"embeddable":true,"href":"https:\/\/terms.integralife.eu\/de-at\/wp-json\/wp\/v2\/comments?post=458"}],"version-history":[{"count":12,"href":"https:\/\/terms.integralife.eu\/de-at\/wp-json\/wp\/v2\/pages\/458\/revisions"}],"predecessor-version":[{"id":470,"href":"https:\/\/terms.integralife.eu\/de-at\/wp-json\/wp\/v2\/pages\/458\/revisions\/470"}],"wp:attachment":[{"href":"https:\/\/terms.integralife.eu\/de-at\/wp-json\/wp\/v2\/media?parent=458"}],"curies":[{"name":"wp","href":"https:\/\/api.w.org\/{rel}","templated":true}]}}